{"id":84,"date":"2019-05-14T11:09:50","date_gmt":"2019-05-14T11:09:50","guid":{"rendered":"https:\/\/www.kpax-manage.com\/?page_id=84"},"modified":"2025-09-29T17:39:10","modified_gmt":"2025-09-29T15:39:10","slug":"trial-version","status":"publish","type":"page","link":"https:\/\/www.kpax-manage.com\/fr\/trial-version\/","title":{"rendered":"Demandez votre essai gratuit"},"content":{"rendered":"<div class=\"wpb-content-wrapper\">[vc_row][vc_column][vc_column_text css=\u00a0\u00bb\u00a0\u00bb]\r\n<h2 style=\"font-family: 'PT Sans Narrow', sans-serif !important; font-size: 35px; text-transform: uppercase!important; color: #0e71b8!important; position: relative!important;\">2 mois, 150 Koins\r\n<span style=\"font-size: 20px;\"><span data-sheets-root=\"1\">pour un usage complet (ex. DISPOSITIFS par mois)<\/span><\/span><\/h2>\r\n[\/vc_column_text][\/vc_column][\/vc_row][vc_row el_class=\u00a0\u00bbcForm\u00a0\u00bb][vc_column width=\u00a0\u00bb1\/2&Prime;]\n<div class=\"wpcf7 no-js\" id=\"wpcf7-f1077-o1\" lang=\"fr-FR\" dir=\"ltr\" data-wpcf7-id=\"1077\">\n<div class=\"screen-reader-response\"><p role=\"status\" aria-live=\"polite\" aria-atomic=\"true\"><\/p> <ul><\/ul><\/div>\n<form action=\"\/fr\/wp-json\/wp\/v2\/pages\/84#wpcf7-f1077-o1\" method=\"post\" class=\"wpcf7-form init wpcf7-acceptance-as-validation\" aria-label=\"Formulaire de contact\" novalidate=\"novalidate\" data-status=\"init\">\n<fieldset class=\"hidden-fields-container\"><input type=\"hidden\" name=\"_wpcf7\" value=\"1077\" \/><input type=\"hidden\" name=\"_wpcf7_version\" value=\"6.1.5\" \/><input type=\"hidden\" name=\"_wpcf7_locale\" value=\"fr_FR\" \/><input type=\"hidden\" name=\"_wpcf7_unit_tag\" value=\"wpcf7-f1077-o1\" \/><input type=\"hidden\" name=\"_wpcf7_container_post\" value=\"0\" \/><input type=\"hidden\" name=\"_wpcf7_posted_data_hash\" value=\"\" \/><input type=\"hidden\" name=\"_wpcf7_recaptcha_response\" value=\"\" \/>\n<\/fieldset>\n<div class=\"trial\">\n\t<div class=\"vc_col-sm-8\">\n\t\t<p><span class=\"wpcf7-form-control-wrap\" data-name=\"company\"><input size=\"40\" maxlength=\"400\" class=\"wpcf7-form-control wpcf7-text wpcf7-validates-as-required\" aria-required=\"true\" aria-invalid=\"false\" placeholder=\"Entreprise\/Organisation*\" value=\"\" type=\"text\" name=\"company\" \/><\/span>\n\t\t<\/p>\n\t<\/div>\n\t<div class=\" vc_col-sm-6 mr\">\n\t\t<p><span class=\"wpcf7-form-control-wrap\" data-name=\"country\"><select class=\"wpcf7-form-control wpcf7-select wpcf7-validates-as-required\" aria-required=\"true\" aria-invalid=\"false\" name=\"country\"><option value=\"\">Pays*<\/option><option value=\"Afghanistan\">Afghanistan<\/option><option value=\"Albanie\">Albanie<\/option><option value=\"Alg\u00e9rie\">Alg\u00e9rie<\/option><option value=\"Andorre\">Andorre<\/option><option value=\"Angola\">Angola<\/option><option value=\"Anguilla\">Anguilla<\/option><option value=\"Antarctique\">Antarctique<\/option><option value=\"Antigua et Barbuda\">Antigua et Barbuda<\/option><option value=\"Argentine\">Argentine<\/option><option value=\"Arm\u00e9nie\">Arm\u00e9nie<\/option><option value=\"Aruba\">Aruba<\/option><option value=\"Australie\">Australie<\/option><option value=\"Autriche\">Autriche<\/option><option value=\"Azerba\u00efdjan\">Azerba\u00efdjan<\/option><option value=\"Iles des A\u00e7ores\">Iles des A\u00e7ores<\/option><option value=\"Bahamas\">Bahamas<\/option><option value=\"Bahre\u00efn\">Bahre\u00efn<\/option><option value=\"Bangladesh\">Bangladesh<\/option><option value=\"Barbade\">Barbade<\/option><option value=\"Belgique\">Belgique<\/option><option value=\"B\u00e9lize\">B\u00e9lize<\/option><option value=\"B\u00e9nin\">B\u00e9nin<\/option><option value=\"Iles Bermudes\">Iles Bermudes<\/option><option value=\"Bhoutan\">Bhoutan<\/option><option value=\"Bolivie\">Bolivie<\/option><option value=\"Bosnie-Herz\u00e9govine\">Bosnie-Herz\u00e9govine<\/option><option value=\"Botswana\">Botswana<\/option><option value=\"Br\u00e9sil\">Br\u00e9sil<\/option><option value=\"Iles Vierges Britanniques\">Iles Vierges Britanniques<\/option><option value=\"Brun\u00e9i\">Brun\u00e9i<\/option><option value=\"Bulgarie\">Bulgarie<\/option><option value=\"Burkina Faso\">Burkina Faso<\/option><option value=\"Burundi\">Burundi<\/option><option value=\"Cambodge\">Cambodge<\/option><option value=\"Cameroun\">Cameroun<\/option><option value=\"Canada\">Canada<\/option><option value=\"Cap Vert\">Cap Vert<\/option><option value=\"Iles Cayman\">Iles Cayman<\/option><option value=\"Centre-Afrique\">Centre-Afrique<\/option><option value=\"Tchad\">Tchad<\/option><option value=\"Chili\">Chili<\/option><option value=\"Chine\">Chine<\/option><option value=\"Colombie\">Colombie<\/option><option value=\"Comoros\">Comoros<\/option><option value=\"Congo\">Congo<\/option><option value=\"Iles Cook\">Iles Cook<\/option><option value=\"Costa Rica\">Costa Rica<\/option><option value=\"Croatie\">Croatie<\/option><option value=\"Cuba\">Cuba<\/option><option value=\"Chypre\">Chypre<\/option><option value=\"R\u00e9publique Tch\u00e8que\">R\u00e9publique Tch\u00e8que<\/option><option value=\"Danemark\">Danemark<\/option><option value=\"Djibouti\">Djibouti<\/option><option value=\"Dominique\">Dominique<\/option><option value=\"R\u00e9publique Dominicaine\">R\u00e9publique Dominicaine<\/option><option value=\"Equateur\">Equateur<\/option><option value=\"Egypte\">Egypte<\/option><option value=\"El Salvador\">El Salvador<\/option><option value=\"Guin\u00e9e Equatoriale\">Guin\u00e9e Equatoriale<\/option><option value=\"Erythr\u00e9e\">Erythr\u00e9e<\/option><option value=\"Estonie\">Estonie<\/option><option value=\"Ethiopie\">Ethiopie<\/option><option value=\"Iles Falkland\">Iles Falkland<\/option><option value=\"Fidji\">Fidji<\/option><option value=\"Finlande\">Finlande<\/option><option value=\"Mac\u00e9doine\">Mac\u00e9doine<\/option><option value=\"France\">France<\/option><option value=\"Guyane Fran\u00e7aise\">Guyane Fran\u00e7aise<\/option><option value=\"Polyn\u00e9sie Fran\u00e7aise\">Polyn\u00e9sie Fran\u00e7aise<\/option><option value=\"Gabon\">Gabon<\/option><option value=\"Gambie\">Gambie<\/option><option value=\"Georgie\">Georgie<\/option><option value=\"Allemagne\">Allemagne<\/option><option value=\"Ghana\">Ghana<\/option><option value=\"Gibraltar\">Gibraltar<\/option><option value=\"Gr\u00e8ce\">Gr\u00e8ce<\/option><option value=\"Groenland\">Groenland<\/option><option value=\"Grenade\">Grenade<\/option><option value=\"Guadeloupe\">Guadeloupe<\/option><option value=\"Guam\">Guam<\/option><option value=\"Guat\u00e9mala\">Guat\u00e9mala<\/option><option value=\"Guin\u00e9e\">Guin\u00e9e<\/option><option value=\"Guin\u00e9e Bissau\">Guin\u00e9e Bissau<\/option><option value=\"Guyana\">Guyana<\/option><option value=\"Ha\u00efti\">Ha\u00efti<\/option><option value=\"Honduras\">Honduras<\/option><option value=\"Chine\">Chine<\/option><option value=\"Hongrie\">Hongrie<\/option><option value=\"Islande\">Islande<\/option><option value=\"Inde\">Inde<\/option><option value=\"Indon\u00e9sie\">Indon\u00e9sie<\/option><option value=\"Iran\">Iran<\/option><option value=\"Irak\">Irak<\/option><option value=\"Zone Neutre Irak-Arabie Saoud.\">Zone Neutre Irak-Arabie Saoud.<\/option><option value=\"Irlande\">Irlande<\/option><option value=\"Isra\u00ebl\">Isra\u00ebl<\/option><option value=\"Italie\">Italie<\/option><option value=\"C\u00f4te d&#039;Ivoire\">C\u00f4te d&#039;Ivoire<\/option><option value=\"Jama\u00efque\">Jama\u00efque<\/option><option value=\"Japon\">Japon<\/option><option value=\"Jordanie\">Jordanie<\/option><option value=\"Kazakhstan\">Kazakhstan<\/option><option value=\"K\u00e9nya\">K\u00e9nya<\/option><option value=\"Kiribati\">Kiribati<\/option><option value=\"Cor\u00e9e du Nord\">Cor\u00e9e du Nord<\/option><option value=\"Cor\u00e9e du Sud\">Cor\u00e9e du Sud<\/option><option value=\"Kowe\u00eft\">Kowe\u00eft<\/option><option value=\"Kirghizstan\">Kirghizstan<\/option><option value=\"Laos\">Laos<\/option><option value=\"Lettonie\">Lettonie<\/option><option value=\"Liban\">Liban<\/option><option value=\"L\u00e9sotho\">L\u00e9sotho<\/option><option value=\"Lib\u00e9ria\">Lib\u00e9ria<\/option><option value=\"Libye\">Libye<\/option><option value=\"Liechtenstein\">Liechtenstein<\/option><option value=\"Lituanie\">Lituanie<\/option><option value=\"Luxembourg\">Luxembourg<\/option><option value=\"Madagascar\">Madagascar<\/option><option value=\"Malawi\">Malawi<\/option><option value=\"Malaisie\">Malaisie<\/option><option value=\"Maldives\">Maldives<\/option><option value=\"Mali\">Mali<\/option><option value=\"Malte\">Malte<\/option><option value=\"Iles Marshall\">Iles Marshall<\/option><option value=\"Martinique\">Martinique<\/option><option value=\"Mauritanie\">Mauritanie<\/option><option value=\"Maurice\">Maurice<\/option><option value=\"Mexique\">Mexique<\/option><option value=\"Etats f\u00e9d\u00e9r\u00e9s de Micron\u00e9sie\">Etats f\u00e9d\u00e9r\u00e9s de Micron\u00e9sie<\/option><option value=\"Moldavie\">Moldavie<\/option><option value=\"Monaco\">Monaco<\/option><option value=\"Mongolie\">Mongolie<\/option><option value=\"Maroc\">Maroc<\/option><option value=\"Mozambique\">Mozambique<\/option><option value=\"Myanmar\">Myanmar<\/option><option value=\"Namibie\">Namibie<\/option><option value=\"Nauru\">Nauru<\/option><option value=\"N\u00e9pal\">N\u00e9pal<\/option><option value=\"Pays-Bas\">Pays-Bas<\/option><option value=\"Nouvelle Cal\u00e9donie\">Nouvelle Cal\u00e9donie<\/option><option value=\"Nouvelle Z\u00e9lande\">Nouvelle Z\u00e9lande<\/option><option value=\"Nicaragua\">Nicaragua<\/option><option value=\"Niger\">Niger<\/option><option value=\"Nig\u00e9ria\">Nig\u00e9ria<\/option><option value=\"Niue\">Niue<\/option><option value=\"Iles Mariannes du Nord\">Iles Mariannes du Nord<\/option><option value=\"Norv\u00e8ge\">Norv\u00e8ge<\/option><option value=\"Oman\">Oman<\/option><option value=\"Pakistan\">Pakistan<\/option><option value=\"Iles Palau\">Iles Palau<\/option><option value=\"Panama\">Panama<\/option><option value=\"Canal de Panama\">Canal de Panama<\/option><option value=\"Papouasie-Nouvelle-Guin\u00e9e\">Papouasie-Nouvelle-Guin\u00e9e<\/option><option value=\"Paraguay\">Paraguay<\/option><option value=\"P\u00e9rou\">P\u00e9rou<\/option><option value=\"Philippines\">Philippines<\/option><option value=\"Portugal\">Portugal<\/option><option value=\"Porto Rico\">Porto Rico<\/option><option value=\"Qatar\">Qatar<\/option><option value=\"R\u00e9union\">R\u00e9union<\/option><option value=\"Roumanie\">Roumanie<\/option><option value=\"Russie\">Russie<\/option><option value=\"Rwanda\">Rwanda<\/option><option value=\"Sainte-Lucie\">Sainte-Lucie<\/option><option value=\"Saint-Marin\">Saint-Marin<\/option><option value=\"Sao Tom\u00e9\">Sao Tom\u00e9<\/option><option value=\"Arabie Saoudite\">Arabie Saoudite<\/option><option value=\"S\u00e9n\u00e9gal\">S\u00e9n\u00e9gal<\/option><option value=\"Seychelles\">Seychelles<\/option><option value=\"Sierra L\u00e9one\">Sierra L\u00e9one<\/option><option value=\"Singapour\">Singapour<\/option><option value=\"Slovaquie\">Slovaquie<\/option><option value=\"Slov\u00e9nie\">Slov\u00e9nie<\/option><option value=\"Iles Salomon\">Iles Salomon<\/option><option value=\"Somalie\">Somalie<\/option><option value=\"Afrique du sud\">Afrique du sud<\/option><option value=\"Espagne\">Espagne<\/option><option value=\"Sri Lanka\">Sri Lanka<\/option><option value=\"Saint Kitts et Nevis\">Saint Kitts et Nevis<\/option><option value=\"Saint-Vincent\">Saint-Vincent<\/option><option value=\"Soudan\">Soudan<\/option><option value=\"Surinam\">Surinam<\/option><option value=\"Swaziland\">Swaziland<\/option><option value=\"Su\u00e8de\">Su\u00e8de<\/option><option value=\"Suisse\">Suisse<\/option><option value=\"Syrie\">Syrie<\/option><option value=\"Ta\u00efwan\">Ta\u00efwan<\/option><option value=\"Tadjikistan\">Tadjikistan<\/option><option value=\"Tanzanie\">Tanzanie<\/option><option value=\"Tha\u00eflande\">Tha\u00eflande<\/option><option value=\"Togo\">Togo<\/option><option value=\"Tonga\">Tonga<\/option><option value=\"Trinidad et Tobago\">Trinidad et Tobago<\/option><option value=\"Tunisie\">Tunisie<\/option><option value=\"Turquie\">Turquie<\/option><option value=\"Turkm\u00e9nistan\">Turkm\u00e9nistan<\/option><option value=\"Turks et Caicos\">Turks et Caicos<\/option><option value=\"Tuvalu\">Tuvalu<\/option><option value=\"Iles Vierges Am\u00e9ricaines\">Iles Vierges Am\u00e9ricaines<\/option><option value=\"Ouganda\">Ouganda<\/option><option value=\"Ukraine\">Ukraine<\/option><option value=\"Emirats arabes unis\">Emirats arabes unis<\/option><option value=\"Royaume-Uni\">Royaume-Uni<\/option><option value=\"Etats-Unis\">Etats-Unis<\/option><option value=\"Uruguay\">Uruguay<\/option><option value=\"Ouzb\u00e9kistan\">Ouzb\u00e9kistan<\/option><option value=\"Vanuatu\">Vanuatu<\/option><option value=\"Vatican\">Vatican<\/option><option value=\"V\u00e9n\u00e9zuela\">V\u00e9n\u00e9zuela<\/option><option value=\"Vietnam\">Vietnam<\/option><option value=\"Sahara Occidental\">Sahara Occidental<\/option><option value=\"Samoa Orientale\">Samoa Orientale<\/option><option value=\"Yemen\">Yemen<\/option><option value=\"Serbie\">Serbie<\/option><option value=\"R\u00e9publique d\u00e9mocratique du Congo\">R\u00e9publique d\u00e9mocratique du Congo<\/option><option value=\"Zambie\">Zambie<\/option><option value=\"Zimbabw\u00e9\">Zimbabw\u00e9<\/option><option value=\"Pologne\">Pologne<\/option><option value=\"Bi\u00e9lorussie\">Bi\u00e9lorussie<\/option><\/select><\/span>\n\t\t<\/p>\n\t<\/div>\n\t<div class=\"vc_col-sm-6\">\n\t\t<p><span class=\"wpcf7-form-control-wrap\" data-name=\"firstname\"><input size=\"40\" maxlength=\"400\" class=\"wpcf7-form-control wpcf7-text wpcf7-validates-as-required\" aria-required=\"true\" aria-invalid=\"false\" placeholder=\"Pr\u00e9nom*\" value=\"\" type=\"text\" name=\"firstname\" \/><\/span>\n\t\t<\/p>\n\t<\/div>\n\t<div class=\"vc_col-sm-6\">\n\t\t<p><span class=\"wpcf7-form-control-wrap\" data-name=\"lastname\"><input size=\"40\" maxlength=\"400\" class=\"wpcf7-form-control wpcf7-text wpcf7-validates-as-required\" aria-required=\"true\" aria-invalid=\"false\" placeholder=\"Nom*\" value=\"\" type=\"text\" name=\"lastname\" \/><\/span>\n\t\t<\/p>\n\t<\/div>\n\t<div class=\"vc_col-sm-6\">\n\t\t<p><span class=\"wpcf7-form-control-wrap\" data-name=\"email\"><input size=\"40\" maxlength=\"400\" class=\"wpcf7-form-control wpcf7-email wpcf7-validates-as-required wpcf7-text wpcf7-validates-as-email\" aria-required=\"true\" aria-invalid=\"false\" placeholder=\"Email*\" value=\"\" type=\"email\" name=\"email\" \/><\/span>\n\t\t<\/p>\n\t<\/div>\n\t<div class=\"vc_col-sm-6\">\n\t\t<p><span class=\"wpcf7-form-control-wrap\" data-name=\"phonenum\"><input size=\"40\" maxlength=\"400\" class=\"wpcf7-form-control wpcf7-tel wpcf7-validates-as-required wpcf7-text wpcf7-validates-as-tel\" aria-required=\"true\" aria-invalid=\"false\" placeholder=\"T\u00e9l\u00e9phone*\" value=\"\" type=\"tel\" name=\"phonenum\" \/><\/span>\n\t\t<\/p>\n\t<\/div>\n\t<div class=\"vc_col-sm-8\">\n\t\t<p><span class=\"wpcf7-form-control-wrap\" data-name=\"tel-276\"><input size=\"40\" maxlength=\"400\" class=\"wpcf7-form-control wpcf7-tel wpcf7-text wpcf7-validates-as-tel\" aria-invalid=\"false\" placeholder=\"Num\u00e9ro WhatsApp\" value=\"\" type=\"tel\" name=\"tel-276\" \/><\/span>\n\t\t<\/p>\n\t<\/div>\n\t<div class=\"vc_col-sm-8\">\n\t\t<p><span class=\"wpcf7-form-control-wrap\" data-name=\"who-is\"><select class=\"wpcf7-form-control wpcf7-select wpcf7-validates-as-required\" aria-required=\"true\" aria-invalid=\"false\" name=\"who-is\"><option value=\"\">Qui \u00eates vous ?*<\/option><option value=\"Un revendeur\">Un revendeur<\/option><option value=\"un fabricant\">un fabricant<\/option><option value=\"un client\">un client<\/option><\/select><\/span>\n\t\t<\/p>\n\t<\/div>\n\t<div class=\"vc_col-sm-8\">\n\t\t<p><span class=\"wpcf7-form-control-wrap\" data-name=\"Prefered-brand-11\"><select class=\"wpcf7-form-control wpcf7-select\" aria-invalid=\"false\" name=\"Prefered-brand-11\"><option value=\"\">Marque pr\u00e9f\u00e9r\u00e9e 1<\/option><option value=\"Canon\">Canon<\/option><option value=\"Xerox\">Xerox<\/option><option value=\"Kyocera\">Kyocera<\/option><option value=\"Hp\">Hp<\/option><option value=\"Lexmark\">Lexmark<\/option><option value=\"Brother\">Brother<\/option><option value=\"Oki\">Oki<\/option><option value=\"Epson\">Epson<\/option><option value=\"Konica Minolta\">Konica Minolta<\/option><option value=\"Ricoh\">Ricoh<\/option><option value=\"Toshiba\">Toshiba<\/option><option value=\"Samsung\">Samsung<\/option><option value=\"Utax\">Utax<\/option><option value=\"Olivetti\">Olivetti<\/option><option value=\"Sharp\">Sharp<\/option><option value=\"Dell\">Dell<\/option><option value=\"Triumph Adler\">Triumph Adler<\/option><option value=\"Oc\u00e9\">Oc\u00e9<\/option><option value=\"Lanier\">Lanier<\/option><option value=\"Riso\">Riso<\/option><\/select><\/span>\n\t\t<\/p>\n\t<\/div>\n\t<div class=\"vc_col-sm-8\">\n\t\t<p><span class=\"wpcf7-form-control-wrap\" data-name=\"Prefered-brand-22\"><select class=\"wpcf7-form-control wpcf7-select\" aria-invalid=\"false\" name=\"Prefered-brand-22\"><option value=\"\">Marque pr\u00e9f\u00e9r\u00e9e 2<\/option><option value=\"Canon\">Canon<\/option><option value=\"Xerox\">Xerox<\/option><option value=\"Kyocera\">Kyocera<\/option><option value=\"Hp\">Hp<\/option><option value=\"Lexmark\">Lexmark<\/option><option value=\"Brother\">Brother<\/option><option value=\"Oki\">Oki<\/option><option value=\"Epson\">Epson<\/option><option value=\"Konica Minolta\">Konica Minolta<\/option><option value=\"Ricoh\">Ricoh<\/option><option value=\"Toshiba\">Toshiba<\/option><option value=\"Samsung\">Samsung<\/option><option value=\"Utax\">Utax<\/option><option value=\"Olivetti\">Olivetti<\/option><option value=\"Sharp\">Sharp<\/option><option value=\"Dell\">Dell<\/option><option value=\"Triumph Adler\">Triumph Adler<\/option><option value=\"Oc\u00e9\">Oc\u00e9<\/option><option value=\"Lanier\">Lanier<\/option><option value=\"Riso\">Riso<\/option><\/select><\/span>\n\t\t<\/p>\n\t<\/div>\n\t<div class=\"vc_col-sm-12\">\n\t\t<p><label style=\"display:flex;\"><br \/>\n<span class=\"wpcf7-form-control-wrap\" data-name=\"acceptance-273\"><span class=\"wpcf7-form-control wpcf7-acceptance\"><span class=\"wpcf7-list-item\"><input type=\"checkbox\" name=\"acceptance-273\" value=\"1\" aria-invalid=\"false\" \/><\/span><\/span><\/span><span style=\"font-size:15px;\">Je consens \u00e0 \u00eatre mis en relation avec KPAX pour r\u00e9pondre \u00e0 mes questions, suivre ce lien pour d\u00e9couvrir vos droits dans la<a href=\"https:\/\/www.kpax-manage.com\/fr\/privacy-policy\/\"> Politique Protection des donn\u00e9es personnelles <\/a>de KPAX<\/span><\/label><br \/>\n<input class=\"wpcf7-form-control wpcf7-submit has-spinner\" type=\"submit\" value=\"Envoyer\" \/>\n\t\t<\/p>\n\t<\/div>\n<\/div><div class=\"wpcf7-response-output\" aria-hidden=\"true\"><\/div>\n<\/form>\n<\/div>\n[\/vc_column][vc_column width=\u00a0\u00bb1\/2&Prime;][vc_single_image image=\u00a0\u00bb818&Prime; img_size=\u00a0\u00bbfull\u00a0\u00bb alignment=\u00a0\u00bbcenter\u00a0\u00bb][\/vc_column][\/vc_row]<\/div>","protected":false},"excerpt":{"rendered":"<p>[vc_row][vc_column][vc_column_text css=\u00a0\u00bb\u00a0\u00bb] 2 mois, 150 Koins pour un usage complet (ex. DISPOSITIFS par mois) [\/vc_column_text][\/vc_column][\/vc_row][vc_row el_class=\u00a0\u00bbcForm\u00a0\u00bb][vc_column width=\u00a0\u00bb1\/2&Prime;][\/vc_column][vc_column width=\u00a0\u00bb1\/2&Prime;][vc_single_image image=\u00a0\u00bb818&Prime; img_size=\u00a0\u00bbfull\u00a0\u00bb alignment=\u00a0\u00bbcenter\u00a0\u00bb][\/vc_column][\/vc_row]<\/p>\n","protected":false},"author":2,"featured_media":0,"parent":0,"menu_order":0,"comment_status":"closed","ping_status":"closed","template":"","meta":{"footnotes":""},"class_list":["post-84","page","type-page","status-publish","hentry","entry"],"translation":{"provider":"WPGlobus","version":"3.0.2","language":"fr","enabled_languages":["en","fr"],"languages":{"en":{"title":true,"content":true,"excerpt":false},"fr":{"title":true,"content":true,"excerpt":false}}},"yoast_head":"<!-- This site is optimized with the Yoast SEO plugin v27.1.1 - https:\/\/yoast.com\/product\/yoast-seo-wordpress\/ -->\n<title>Demandez votre essai gratuit<\/title>\n<meta name=\"description\" content=\"Remplissez notre formulaire en ligne simple et rapide pour b\u00e9n\u00e9ficier d\u00e8s maintenant de votre essai gratuit sans engagement.\" \/>\n<meta name=\"robots\" content=\"index, follow, max-snippet:-1, max-image-preview:large, max-video-preview:-1\" \/>\n<link rel=\"canonical\" href=\"https:\/\/www.kpax-manage.com\/trial-version\/\" \/>\n<meta property=\"og:locale\" content=\"fr_FR\" \/>\n<meta property=\"og:type\" content=\"article\" \/>\n<meta property=\"og:title\" content=\"Demandez votre essai gratuit\" \/>\n<meta property=\"og:description\" content=\"Remplissez notre formulaire en ligne simple et rapide pour b\u00e9n\u00e9ficier d\u00e8s maintenant de votre essai gratuit sans engagement.\" \/>\n<meta property=\"og:url\" content=\"https:\/\/www.kpax-manage.com\/trial-version\/\" \/>\n<meta property=\"article:modified_time\" content=\"2025-09-29T15:39:10+00:00\" \/>\n<meta name=\"twitter:card\" content=\"summary_large_image\" \/>\n<meta name=\"twitter:label1\" content=\"Dur\u00e9e de lecture estim\u00e9e\" \/>\n\t<meta name=\"twitter:data1\" content=\"1 minute\" \/>\n<script type=\"application\/ld+json\" class=\"yoast-schema-graph\">{\"@context\":\"https:\/\/schema.org\",\"@graph\":[{\"@type\":\"WebPage\",\"@id\":\"https:\/\/www.kpax-manage.com\/trial-version\/\",\"url\":\"https:\/\/www.kpax-manage.com\/trial-version\/\",\"name\":\"Request your free trial\",\"isPartOf\":{\"@id\":\"https:\/\/www.kpax-manage.com\/fr\/#website\"},\"datePublished\":\"2019-05-14T11:09:50+00:00\",\"dateModified\":\"2025-09-29T15:39:10+00:00\",\"description\":\"Fill out our easy and quick form to get instant access to your free trial and discover all the features risk-free.\",\"breadcrumb\":{\"@id\":\"https:\/\/www.kpax-manage.com\/trial-version\/#breadcrumb\"},\"inLanguage\":\"fr-FR\",\"potentialAction\":[{\"@type\":\"ReadAction\",\"target\":[\"https:\/\/www.kpax-manage.com\/trial-version\/\"]}]},{\"@type\":\"BreadcrumbList\",\"@id\":\"https:\/\/www.kpax-manage.com\/trial-version\/#breadcrumb\",\"itemListElement\":[{\"@type\":\"ListItem\",\"position\":1,\"name\":\"Accueil\",\"item\":\"https:\/\/www.kpax-manage.com\/\"},{\"@type\":\"ListItem\",\"position\":2,\"name\":\"Demandez votre essai gratuit\"}]},{\"@type\":\"WebSite\",\"@id\":\"https:\/\/www.kpax-manage.com\/fr\/#website\",\"url\":\"https:\/\/www.kpax-manage.com\/fr\/\",\"name\":\"\",\"description\":\"\",\"potentialAction\":[{\"@type\":\"SearchAction\",\"target\":{\"@type\":\"EntryPoint\",\"urlTemplate\":\"https:\/\/www.kpax-manage.com\/fr\/?s={search_term_string}\"},\"query-input\":{\"@type\":\"PropertyValueSpecification\",\"valueRequired\":true,\"valueName\":\"search_term_string\"}}],\"inLanguage\":\"fr-FR\"}]}<\/script>\n<!-- \/ Yoast SEO plugin. -->","yoast_head_json":{"title":"Demandez votre essai gratuit","description":"Remplissez notre formulaire en ligne simple et rapide pour b\u00e9n\u00e9ficier d\u00e8s maintenant de votre essai gratuit sans engagement.","robots":{"index":"index","follow":"follow","max-snippet":"max-snippet:-1","max-image-preview":"max-image-preview:large","max-video-preview":"max-video-preview:-1"},"canonical":"https:\/\/www.kpax-manage.com\/trial-version\/","og_locale":"fr_FR","og_type":"article","og_title":"Demandez votre essai gratuit","og_description":"Remplissez notre formulaire en ligne simple et rapide pour b\u00e9n\u00e9ficier d\u00e8s maintenant de votre essai gratuit sans engagement.","og_url":"https:\/\/www.kpax-manage.com\/trial-version\/","article_modified_time":"2025-09-29T15:39:10+00:00","twitter_card":"summary_large_image","twitter_misc":{"Dur\u00e9e de lecture estim\u00e9e":"1 minute"},"schema":{"@context":"https:\/\/schema.org","@graph":[{"@type":"WebPage","@id":"https:\/\/www.kpax-manage.com\/trial-version\/","url":"https:\/\/www.kpax-manage.com\/trial-version\/","name":"Request your free trial","isPartOf":{"@id":"https:\/\/www.kpax-manage.com\/fr\/#website"},"datePublished":"2019-05-14T11:09:50+00:00","dateModified":"2025-09-29T15:39:10+00:00","description":"Fill out our easy and quick form to get instant access to your free trial and discover all the features risk-free.","breadcrumb":{"@id":"https:\/\/www.kpax-manage.com\/trial-version\/#breadcrumb"},"inLanguage":"fr-FR","potentialAction":[{"@type":"ReadAction","target":["https:\/\/www.kpax-manage.com\/trial-version\/"]}]},{"@type":"BreadcrumbList","@id":"https:\/\/www.kpax-manage.com\/trial-version\/#breadcrumb","itemListElement":[{"@type":"ListItem","position":1,"name":"Accueil","item":"https:\/\/www.kpax-manage.com\/"},{"@type":"ListItem","position":2,"name":"Demandez votre essai gratuit"}]},{"@type":"WebSite","@id":"https:\/\/www.kpax-manage.com\/fr\/#website","url":"https:\/\/www.kpax-manage.com\/fr\/","name":"","description":"","potentialAction":[{"@type":"SearchAction","target":{"@type":"EntryPoint","urlTemplate":"https:\/\/www.kpax-manage.com\/fr\/?s={search_term_string}"},"query-input":{"@type":"PropertyValueSpecification","valueRequired":true,"valueName":"search_term_string"}}],"inLanguage":"fr-FR"}]}},"_links":{"self":[{"href":"https:\/\/www.kpax-manage.com\/fr\/wp-json\/wp\/v2\/pages\/84","targetHints":{"allow":["GET"]}}],"collection":[{"href":"https:\/\/www.kpax-manage.com\/fr\/wp-json\/wp\/v2\/pages"}],"about":[{"href":"https:\/\/www.kpax-manage.com\/fr\/wp-json\/wp\/v2\/types\/page"}],"author":[{"embeddable":true,"href":"https:\/\/www.kpax-manage.com\/fr\/wp-json\/wp\/v2\/users\/2"}],"replies":[{"embeddable":true,"href":"https:\/\/www.kpax-manage.com\/fr\/wp-json\/wp\/v2\/comments?post=84"}],"version-history":[{"count":1,"href":"https:\/\/www.kpax-manage.com\/fr\/wp-json\/wp\/v2\/pages\/84\/revisions"}],"predecessor-version":[{"id":14771,"href":"https:\/\/www.kpax-manage.com\/fr\/wp-json\/wp\/v2\/pages\/84\/revisions\/14771"}],"wp:attachment":[{"href":"https:\/\/www.kpax-manage.com\/fr\/wp-json\/wp\/v2\/media?parent=84"}],"curies":[{"name":"wp","href":"https:\/\/api.w.org\/{rel}","templated":true}]}}