{"id":830,"date":"2019-07-30T15:10:03","date_gmt":"2019-07-30T15:10:03","guid":{"rendered":"https:\/\/www.kpax-manage.com\/?page_id=830"},"modified":"2025-08-19T16:10:42","modified_gmt":"2025-08-19T14:10:42","slug":"for-office-printing-market-professional-2","status":"publish","type":"page","link":"https:\/\/www.kpax-manage.com\/fr\/for-office-printing-market-professional-2\/","title":{"rendered":"Pour les professionnels du march\u00e9 de l&rsquo;impression"},"content":{"rendered":"<div class=\"wpb-content-wrapper\">[vc_row][vc_column el_id=\u00a0\u00bbprint1&Prime;][vc_column_text]Distributeurs de syst\u00e8mes d&rsquo;impression ind\u00e9pendants et multimarques, fabricants d&rsquo;imprimantes et d&rsquo;imprimantes mfp, fournisseurs de toner, professionnels de l&rsquo;audit et du conseil en syst\u00e8mes d&rsquo;impression. KPAX vous aide \u00e0 r\u00e9pondre \u00e0 vos besoins critiques :\r\n\r\n<strong>Produire le meilleur service au co\u00fbt le plus bas possible<\/strong>[\/vc_column_text][vc_row_inner][vc_column_inner width=\u00a0\u00bb1\/2&Prime;][vc_column_text]\r\n<h2><b>R\u00e9duisez les co\u00fbts et optimisez vos ressources<\/b><\/h2>\r\n<ul>\r\n \t<li style=\"font-weight: 400;\" aria-level=\"1\"><b>Automatisation de la facturation<\/b><span style=\"font-weight: 400;\">: R\u00e9duisez les erreurs en automatisant les relev\u00e9s de compteurs.<\/span><span style=\"font-weight: 400;\">\r\n\r\n<\/span><\/li>\r\n \t<li style=\"font-weight: 400;\" aria-level=\"1\"><b>Gestion des consommables<\/b><span style=\"font-weight: 400;\">: Diminuez les stocks de toner et \u00e9vitez les remplacements pr\u00e9matur\u00e9s.<\/span><span style=\"font-weight: 400;\">\r\n\r\n<\/span><\/li>\r\n \t<li style=\"font-weight: 400;\" aria-level=\"1\"><b>Interventions techniques r\u00e9duites<\/b><span style=\"font-weight: 400;\">: Acc\u00e9dez \u00e0 distance pour r\u00e9soudre les probl\u00e8mes sans d\u00e9placement.<\/span><span style=\"font-weight: 400;\">\r\n\r\n<\/span><\/li>\r\n<\/ul>\r\n<h2><b>Am\u00e9liorez la qualit\u00e9 du service client<\/b><\/h2>\r\n<ul>\r\n \t<li style=\"font-weight: 400;\" aria-level=\"1\"><b>Diagnostic \u00e0 distance<\/b><span style=\"font-weight: 400;\">: Identifiez les probl\u00e8mes avant d\u2019envoyer un technicien.<\/span><span style=\"font-weight: 400;\">\r\n\r\n<\/span><\/li>\r\n \t<li style=\"font-weight: 400;\" aria-level=\"1\"><b>Livraison optimis\u00e9e<\/b><span style=\"font-weight: 400;\">: Assurez-vous que les toners arrivent au bon moment.<\/span><span style=\"font-weight: 400;\">\r\n\r\n<\/span><\/li>\r\n \t<li style=\"font-weight: 400;\" aria-level=\"1\"><b>Rapports de performance<\/b><span style=\"font-weight: 400;\">: Cr\u00e9ez des rapports d\u00e9taill\u00e9s pour une gestion proactive.<\/span><span style=\"font-weight: 400;\">\r\n\r\n<\/span><\/li>\r\n<\/ul>\r\n<h2><b>D\u00e9veloppez de nouvelles opportunit\u00e9s commerciales<\/b><\/h2>\r\n<ul>\r\n \t<li style=\"font-weight: 400;\" aria-level=\"1\"><b>Suivi client personnalis\u00e9<\/b><span style=\"font-weight: 400;\">: Identifiez de nouvelles opportunit\u00e9s d\u2019affaires.<\/span><span style=\"font-weight: 400;\">\r\n\r\n<\/span><\/li>\r\n \t<li style=\"font-weight: 400;\" aria-level=\"1\"><b>Proposez des services \u00e0 valeur ajout\u00e9e<\/b><span style=\"font-weight: 400;\">: Diversifiez vos offres pour r\u00e9pondre aux besoins sp\u00e9cifiques des clients.<\/span><span style=\"font-weight: 400;\">\r\n\r\n<\/span><\/li>\r\n<\/ul>\r\n<span style=\"font-weight: 400;\">En adoptant KPAX, vous gagnez en efficacit\u00e9 tout en r\u00e9duisant vos co\u00fbts. Optimisez vos syst\u00e8mes d\u2019impression d\u00e8s aujourd\u2019hui.<\/span>\r\n\r\n[\/vc_column_text][\/vc_column_inner][vc_column_inner width=\u00a0\u00bb1\/2&Prime;][vc_single_image image=\u00a0\u00bb1128&Prime; img_size=\u00a0\u00bbfull\u00a0\u00bb alignment=\u00a0\u00bbcenter\u00a0\u00bb][\/vc_column_inner][\/vc_row_inner][\/vc_column][\/vc_row][vc_row full_width=\u00a0\u00bbstretch_row\u00a0\u00bb css=\u00a0\u00bb.vc_custom_1563871039445{padding-top: 3px !important;padding-right: 100px !important;padding-bottom: 50px !important;padding-left: 100px !important;background-color: #0e71b8 !important;}\u00a0\u00bb el_id=\u00a0\u00bbengage\u00a0\u00bb][vc_column width=\u00a0\u00bb8\/12&Prime;][vc_column_text css=\u00a0\u00bb.vc_custom_1565166447661{margin-bottom: 70px !important;}\u00a0\u00bb]\r\n<h3 style=\"color: #fff; font-size: 30px; text-transform: none;\">Want to know more about KPAX?\r\nSchedule a presentation with our experts<\/h3>\r\n[\/vc_column_text]\n<div class=\"wpcf7 no-js\" id=\"wpcf7-f356-o1\" lang=\"fr-FR\" dir=\"ltr\" data-wpcf7-id=\"356\">\n<div class=\"screen-reader-response\"><p role=\"status\" aria-live=\"polite\" aria-atomic=\"true\"><\/p> <ul><\/ul><\/div>\n<form action=\"\/fr\/wp-json\/wp\/v2\/pages\/830#wpcf7-f356-o1\" method=\"post\" class=\"wpcf7-form init wpcf7-acceptance-as-validation\" aria-label=\"Formulaire de contact\" novalidate=\"novalidate\" data-status=\"init\">\n<fieldset class=\"hidden-fields-container\"><input type=\"hidden\" name=\"_wpcf7\" value=\"356\" \/><input type=\"hidden\" name=\"_wpcf7_version\" value=\"6.1.5\" \/><input type=\"hidden\" name=\"_wpcf7_locale\" value=\"fr_FR\" \/><input type=\"hidden\" name=\"_wpcf7_unit_tag\" value=\"wpcf7-f356-o1\" \/><input type=\"hidden\" name=\"_wpcf7_container_post\" value=\"0\" \/><input type=\"hidden\" name=\"_wpcf7_posted_data_hash\" value=\"\" \/><input type=\"hidden\" name=\"_wpcf7_recaptcha_response\" value=\"\" \/>\n<\/fieldset>\n<div class=\"row\">\n\t<div class=\"col-md-6\">\n\t\t<p><span class=\"wpcf7-form-control-wrap\" data-name=\"text-564\"><input size=\"40\" maxlength=\"400\" class=\"wpcf7-form-control wpcf7-text wpcf7-validates-as-required\" aria-required=\"true\" aria-invalid=\"false\" placeholder=\"Name\" value=\"\" type=\"text\" name=\"text-564\" \/><\/span>\n\t\t<\/p>\n\t<\/div>\n\t<div class=\"col-md-6\">\n\t\t<p><span class=\"wpcf7-form-control-wrap\" data-name=\"email-271\"><input size=\"40\" maxlength=\"400\" class=\"wpcf7-form-control wpcf7-email wpcf7-validates-as-required wpcf7-text wpcf7-validates-as-email\" aria-required=\"true\" aria-invalid=\"false\" placeholder=\"E-mail\" value=\"\" type=\"email\" name=\"email-271\" \/><\/span>\n\t\t<\/p>\n\t<\/div>\n\t<div class=\"col-md-6\">\n\t\t<p><span class=\"wpcf7-form-control-wrap\" data-name=\"tel-351\"><input size=\"40\" maxlength=\"400\" class=\"wpcf7-form-control wpcf7-tel wpcf7-text wpcf7-validates-as-tel\" aria-invalid=\"false\" placeholder=\"whatsapp Number\" value=\"\" type=\"tel\" name=\"tel-351\" \/><\/span>\n\t\t<\/p>\n\t<\/div>\n\t<div class=\"col-md-6\">\n\t\t<p><span class=\"wpcf7-form-control-wrap\" data-name=\"menu-484\"><select class=\"wpcf7-form-control wpcf7-select wpcf7-validates-as-required\" aria-required=\"true\" aria-invalid=\"false\" name=\"menu-484\"><option value=\"\">Country*<\/option><option value=\"Afghanistan\">Afghanistan<\/option><option value=\"Albania\">Albania<\/option><option value=\"Algeria\">Algeria<\/option><option value=\"Andorra\">Andorra<\/option><option value=\"Angola\">Angola<\/option><option value=\"Anguilla\">Anguilla<\/option><option value=\"Antarctica\">Antarctica<\/option><option value=\"Antigua and Barbuda\">Antigua and Barbuda<\/option><option value=\"Argentina\">Argentina<\/option><option value=\"Armenia\">Armenia<\/option><option value=\"Aruba\">Aruba<\/option><option value=\"Australia\">Australia<\/option><option value=\"Austria\">Austria<\/option><option value=\"Azerbaijan\">Azerbaijan<\/option><option value=\"Azores Islands\">Azores Islands<\/option><option value=\"Bahamas\">Bahamas<\/option><option value=\"Bahrain\">Bahrain<\/option><option value=\"Bangladesh\">Bangladesh<\/option><option value=\"Barbados\">Barbados<\/option><option value=\"Belgium\">Belgium<\/option><option value=\"Belize\">Belize<\/option><option value=\"Benin\">Benin<\/option><option value=\"Bermuda Islands\">Bermuda Islands<\/option><option value=\"Bhutan\">Bhutan<\/option><option value=\"Bolivia\">Bolivia<\/option><option value=\"Bosnia and Herzegovina\">Bosnia and Herzegovina<\/option><option value=\"Botswana\">Botswana<\/option><option value=\"Brazil\">Brazil<\/option><option value=\"British Virgin Islands\">British Virgin Islands<\/option><option value=\"Brunei\">Brunei<\/option><option value=\"Bulgaria\">Bulgaria<\/option><option value=\"Burkina Faso\">Burkina Faso<\/option><option value=\"Burundi\">Burundi<\/option><option value=\"Cambodia\">Cambodia<\/option><option value=\"Cameroon\">Cameroon<\/option><option value=\"Canada\">Canada<\/option><option value=\"Cape Verde\">Cape Verde<\/option><option value=\"Cayman Islands\">Cayman Islands<\/option><option value=\"Central Africa\">Central Africa<\/option><option value=\"Chad\">Chad<\/option><option value=\"Chile\">Chile<\/option><option value=\"China\">China<\/option><option value=\"Colombia\">Colombia<\/option><option value=\"Comoros\">Comoros<\/option><option value=\"Congo\">Congo<\/option><option value=\"Cook Islands\">Cook Islands<\/option><option value=\"Costa Rica\">Costa Rica<\/option><option value=\"Croatia\">Croatia<\/option><option value=\"Cuba\">Cuba<\/option><option value=\"Cyprus\">Cyprus<\/option><option value=\"Czech Republic\">Czech Republic<\/option><option value=\"Denmark\">Denmark<\/option><option value=\"Djibouti\">Djibouti<\/option><option value=\"Dominica\">Dominica<\/option><option value=\"Dominican Republic\">Dominican Republic<\/option><option value=\"Ecuador\">Ecuador<\/option><option value=\"Egypt\">Egypt<\/option><option value=\"El Salvador\">El Salvador<\/option><option value=\"Equatorial Guinea\">Equatorial Guinea<\/option><option value=\"Eritrea\">Eritrea<\/option><option value=\"Estonia\">Estonia<\/option><option value=\"Ethiopia\">Ethiopia<\/option><option value=\"Falkland Islands\">Falkland Islands<\/option><option value=\"Fiji\">Fiji<\/option><option value=\"Finland\">Finland<\/option><option value=\"Macedonia\">Macedonia<\/option><option value=\"France\">France<\/option><option value=\"French Guiana\">French Guiana<\/option><option value=\"French Polynesia\">French Polynesia<\/option><option value=\"Gabon\">Gabon<\/option><option value=\"Gambia\">Gambia<\/option><option value=\"Georgia\">Georgia<\/option><option value=\"Germany\">Germany<\/option><option value=\"Ghana\">Ghana<\/option><option value=\"Gibraltar\">Gibraltar<\/option><option value=\"Greece\">Greece<\/option><option value=\"Greenland\">Greenland<\/option><option value=\"Grenada\">Grenada<\/option><option value=\"Guadeloupe\">Guadeloupe<\/option><option value=\"Guam\">Guam<\/option><option value=\"Guatemala\">Guatemala<\/option><option value=\"Guinea\">Guinea<\/option><option value=\"Guinea Bissau\">Guinea Bissau<\/option><option value=\"Guyana\">Guyana<\/option><option value=\"Haiti\">Haiti<\/option><option value=\"Honduras\">Honduras<\/option><option value=\"China\">China<\/option><option value=\"Hungary\">Hungary<\/option><option value=\"Iceland\">Iceland<\/option><option value=\"India\">India<\/option><option value=\"Indonesia\">Indonesia<\/option><option value=\"Iran\">Iran<\/option><option value=\"Iraq\">Iraq<\/option><option value=\"Neutral Zone Iraq-Saudi Arabia.\">Neutral Zone Iraq-Saudi Arabia.<\/option><option value=\"Ireland\">Ireland<\/option><option value=\"Israel\">Israel<\/option><option value=\"Italy\">Italy<\/option><option value=\"Ivory Coast\">Ivory Coast<\/option><option value=\"Jamaica\">Jamaica<\/option><option value=\"Japan\">Japan<\/option><option value=\"Jordan\">Jordan<\/option><option value=\"Kazakhstan\">Kazakhstan<\/option><option value=\"Kenya\">Kenya<\/option><option value=\"Kiribati\">Kiribati<\/option><option value=\"North Korea\">North Korea<\/option><option value=\"South Korea\">South Korea<\/option><option value=\"Kuwait\">Kuwait<\/option><option value=\"Kyrgyzstan\">Kyrgyzstan<\/option><option value=\"Laos\">Laos<\/option><option value=\"Latvia\">Latvia<\/option><option value=\"Lebanon\">Lebanon<\/option><option value=\"L\u00e9sotho\">L\u00e9sotho<\/option><option value=\"Liberia\">Liberia<\/option><option value=\"Libya\">Libya<\/option><option value=\"Liechtenstein\">Liechtenstein<\/option><option value=\"Lithuania\">Lithuania<\/option><option value=\"Luxembourg\">Luxembourg<\/option><option value=\"Madagascar\">Madagascar<\/option><option value=\"Malawi\">Malawi<\/option><option value=\"Malaysia\">Malaysia<\/option><option value=\"Maldives\">Maldives<\/option><option value=\"Mali\">Mali<\/option><option value=\"Malta\">Malta<\/option><option value=\"Marshall Islands\">Marshall Islands<\/option><option value=\"Martinique\">Martinique<\/option><option value=\"Mauritania\">Mauritania<\/option><option value=\"Mauritius\">Mauritius<\/option><option value=\"Mexico\">Mexico<\/option><option value=\"Federated States of Micronesia\">Federated States of Micronesia<\/option><option value=\"Moldova\">Moldova<\/option><option value=\"Monaco\">Monaco<\/option><option value=\"Mongolia\">Mongolia<\/option><option value=\"Morocco\">Morocco<\/option><option value=\"Mozambique\">Mozambique<\/option><option value=\"Myanmar\">Myanmar<\/option><option value=\"Namibia\">Namibia<\/option><option value=\"Nauru\">Nauru<\/option><option value=\"Nepal\">Nepal<\/option><option value=\"Netherlands\">Netherlands<\/option><option value=\"New Caledonia\">New Caledonia<\/option><option value=\"New Zealand\">New Zealand<\/option><option value=\"Nicaragua\">Nicaragua<\/option><option value=\"Niger\">Niger<\/option><option value=\"Nigeria\">Nigeria<\/option><option value=\"Niue\">Niue<\/option><option value=\"Northern Mariana Islands\">Northern Mariana Islands<\/option><option value=\"Norway\">Norway<\/option><option value=\"Oman\">Oman<\/option><option value=\"Pakistan\">Pakistan<\/option><option value=\"Palau Islands\">Palau Islands<\/option><option value=\"Panama\">Panama<\/option><option value=\"Panama Canal\">Panama Canal<\/option><option value=\"Papua New Guinea\">Papua New Guinea<\/option><option value=\"Paraguay\">Paraguay<\/option><option value=\"Peru\">Peru<\/option><option value=\"Philippines\">Philippines<\/option><option value=\"Portugal\">Portugal<\/option><option value=\"Puerto Rico\">Puerto Rico<\/option><option value=\"Qatar\">Qatar<\/option><option value=\"Meeting\">Meeting<\/option><option value=\"Romania\">Romania<\/option><option value=\"Russia\">Russia<\/option><option value=\"Rwanda\">Rwanda<\/option><option value=\"Saint Lucia\">Saint Lucia<\/option><option value=\"San Marino\">San Marino<\/option><option value=\"Sao Tome\">Sao Tome<\/option><option value=\"Saudi Arabia\">Saudi Arabia<\/option><option value=\"Senegal\">Senegal<\/option><option value=\"Seychelles\">Seychelles<\/option><option value=\"Sierra Leone\">Sierra Leone<\/option><option value=\"Singapore\">Singapore<\/option><option value=\"Slovakia Slovakia\">Slovakia Slovakia<\/option><option value=\"Slovenia\">Slovenia<\/option><option value=\"Solomon Islands\">Solomon Islands<\/option><option value=\"Somalia\">Somalia<\/option><option value=\"South Africa\">South Africa<\/option><option value=\"Spain\">Spain<\/option><option value=\"Sri Lanka\">Sri Lanka<\/option><option value=\"Saint Kitts and Nevis\">Saint Kitts and Nevis<\/option><option value=\"Saint-Vincent\">Saint-Vincent<\/option><option value=\"Sudan\">Sudan<\/option><option value=\"Suriname\">Suriname<\/option><option value=\"Swaziland\">Swaziland<\/option><option value=\"Sweden\">Sweden<\/option><option value=\"Switzerland\">Switzerland<\/option><option value=\"Syria\">Syria<\/option><option value=\"Taiwan\">Taiwan<\/option><option value=\"Tajikistan\">Tajikistan<\/option><option value=\"Tanzania\">Tanzania<\/option><option value=\"Thailand\">Thailand<\/option><option value=\"Togo\">Togo<\/option><option value=\"Tonga\">Tonga<\/option><option value=\"Trinidad and Tobago\">Trinidad and Tobago<\/option><option value=\"Tunisia\">Tunisia<\/option><option value=\"Turkey\">Turkey<\/option><option value=\"Turkmenistan\">Turkmenistan<\/option><option value=\"Turks and Caicos\">Turks and Caicos<\/option><option value=\"Tuvalu\">Tuvalu<\/option><option value=\"American Virgin Islands\">American Virgin Islands<\/option><option value=\"Uganda\">Uganda<\/option><option value=\"Ukraine\">Ukraine<\/option><option value=\"United Arab Emirates\">United Arab Emirates<\/option><option value=\"United Kingdom\">United Kingdom<\/option><option value=\"United States\">United States<\/option><option value=\"Uruguay\">Uruguay<\/option><option value=\"Uzbekistan\">Uzbekistan<\/option><option value=\"Vanuatu\">Vanuatu<\/option><option value=\"Vatican City\">Vatican City<\/option><option value=\"Venezuela\">Venezuela<\/option><option value=\"Vietnam\">Vietnam<\/option><option value=\"Western Sahara\">Western Sahara<\/option><option value=\"Eastern Samoa\">Eastern Samoa<\/option><option value=\"Yemen\">Yemen<\/option><option value=\"Serbia\">Serbia<\/option><option value=\"Democratic Republic of Congo\">Democratic Republic of Congo<\/option><option value=\"Zambia\">Zambia<\/option><option value=\"Zimbabwe\">Zimbabwe<\/option><option value=\"Poland\">Poland<\/option><option value=\"Belarus\">Belarus<\/option><\/select><\/span>\n\t\t<\/p>\n\t<\/div>\n<\/div>\n<div class=\"row\">\n\t<div class=\" col-md-12\">\n\t\t<p><span class=\"wpcf7-form-control-wrap\" data-name=\"your-message\"><textarea cols=\"40\" rows=\"10\" maxlength=\"2000\" class=\"wpcf7-form-control wpcf7-textarea\" aria-invalid=\"false\" placeholder=\"Your message\" name=\"your-message\"><\/textarea><\/span>\n\t\t<\/p>\n\t<\/div>\n\t<div class=\" col-md-12\">\n\t\t<p><label style=\"display:flex;\"><br \/>\n<span class=\"wpcf7-form-control-wrap\" data-name=\"acceptance-916\"><span class=\"wpcf7-form-control wpcf7-acceptance\"><span class=\"wpcf7-list-item\"><input type=\"checkbox\" name=\"acceptance-916\" value=\"1\" aria-invalid=\"false\" \/><\/span><\/span><\/span><span style=\"font-size:15px;\"> I authorise KPAX to contact me to answer my questions<br \/>\nFollow this link to see your rights in the KPAX<a href=\"https:\/\/www.kpax-manage.com\/rgpd\/\" style=\"color:black;\"> Personal Data Protection Charter <\/a><\/span><br \/>\n<\/label><br \/>\n<input class=\"wpcf7-form-control wpcf7-submit has-spinner\" type=\"submit\" value=\"send\" \/>\n\t\t<\/p>\n\t<\/div>\n<\/div><div class=\"wpcf7-response-output\" aria-hidden=\"true\"><\/div>\n<\/form>\n<\/div>\n[\/vc_column][vc_column width=\u00a0\u00bb4\/12&Prime; css=\u00a0\u00bb.vc_custom_1562590668618{margin-top: 150px !important;}\u00a0\u00bb][vc_single_image image=\u00a0\u00bb771&Prime; img_size=\u00a0\u00bbfull\u00a0\u00bb][\/vc_column][\/vc_row]<\/div>","protected":false},"excerpt":{"rendered":"<p>[vc_row][vc_column el_id=\u00a0\u00bbprint1&Prime;][vc_column_text]Distributeurs de syst\u00e8mes d&rsquo;impression ind\u00e9pendants et multimarques, fabricants d&rsquo;imprimantes et d&rsquo;imprimantes mfp, fournisseurs de toner, professionnels de l&rsquo;audit et du conseil en syst\u00e8mes d&rsquo;impression. KPAX vous aide \u00e0 r\u00e9pondre \u00e0 vos besoins critiques : Produire le meilleur service au co\u00fbt le plus bas possible[\/vc_column_text][vc_row_inner][vc_column_inner width=\u00a0\u00bb1\/2&Prime;][vc_column_text] R\u00e9duisez les co\u00fbts et optimisez vos ressources Automatisation de &hellip; <\/p>\n<p class=\"link-more\"><a href=\"https:\/\/www.kpax-manage.com\/fr\/for-office-printing-market-professional-2\/\" class=\"more-link\">Continuer la lecture <span class=\"screen-reader-text\"> \u00ab\u00a0Pour les professionnels du march\u00e9 de l&rsquo;impression\u00a0\u00bb<\/span><\/a><\/p>\n","protected":false},"author":2,"featured_media":0,"parent":0,"menu_order":0,"comment_status":"closed","ping_status":"closed","template":"","meta":{"footnotes":""},"class_list":["post-830","page","type-page","status-publish","hentry","entry"],"translation":{"provider":"WPGlobus","version":"3.0.2","language":"fr","enabled_languages":["en","fr"],"languages":{"en":{"title":true,"content":true,"excerpt":false},"fr":{"title":true,"content":true,"excerpt":false}}},"yoast_head":"<!-- This site is optimized with the Yoast SEO plugin v27.1.1 - https:\/\/yoast.com\/product\/yoast-seo-wordpress\/ -->\n<title>Printer Fleet Management : meilleure impression - Kpax<\/title>\n<meta name=\"description\" content=\"Distributeurs de syst\u00e8mes d\u2019impression, fabricants d\u2019imprimantes\/imprimantes MFP, fournisseurs de toner, KPAX vous aide \u00e0 r\u00e9pondre \u00e0 vos besoins critiques.\" \/>\n<meta name=\"robots\" content=\"index, follow, max-snippet:-1, max-image-preview:large, max-video-preview:-1\" \/>\n<link rel=\"canonical\" href=\"https:\/\/www.kpax-manage.com\/for-office-printing-market-professional-2\/\" \/>\n<meta property=\"og:locale\" content=\"fr_FR\" \/>\n<meta property=\"og:type\" content=\"article\" \/>\n<meta property=\"og:title\" content=\"Printer Fleet Management : meilleure impression - Kpax\" \/>\n<meta property=\"og:description\" content=\"Distributeurs de syst\u00e8mes d\u2019impression, fabricants d\u2019imprimantes\/imprimantes MFP, fournisseurs de toner, KPAX vous aide \u00e0 r\u00e9pondre \u00e0 vos besoins critiques.\" \/>\n<meta property=\"og:url\" content=\"https:\/\/www.kpax-manage.com\/for-office-printing-market-professional-2\/\" \/>\n<meta property=\"article:modified_time\" content=\"2025-08-19T14:10:42+00:00\" \/>\n<meta name=\"twitter:card\" content=\"summary_large_image\" \/>\n<meta name=\"twitter:label1\" content=\"Dur\u00e9e de lecture estim\u00e9e\" \/>\n\t<meta name=\"twitter:data1\" content=\"2 minutes\" \/>\n<script type=\"application\/ld+json\" class=\"yoast-schema-graph\">{\"@context\":\"https:\/\/schema.org\",\"@graph\":[{\"@type\":\"WebPage\",\"@id\":\"https:\/\/www.kpax-manage.com\/for-office-printing-market-professional-2\/\",\"url\":\"https:\/\/www.kpax-manage.com\/for-office-printing-market-professional-2\/\",\"name\":\"Printer Fleet Management : meilleure impression - Kpax\",\"isPartOf\":{\"@id\":\"https:\/\/www.kpax-manage.com\/fr\/#website\"},\"datePublished\":\"2019-07-30T15:10:03+00:00\",\"dateModified\":\"2025-08-19T14:10:42+00:00\",\"description\":\"Distributeurs de syst\u00e8mes d\u2019impression, fabricants d\u2019imprimantes\/imprimantes MFP, fournisseurs de toner, KPAX vous aide \u00e0 r\u00e9pondre \u00e0 vos besoins critiques.\",\"breadcrumb\":{\"@id\":\"https:\/\/www.kpax-manage.com\/for-office-printing-market-professional-2\/#breadcrumb\"},\"inLanguage\":\"fr-FR\",\"potentialAction\":[{\"@type\":\"ReadAction\",\"target\":[\"https:\/\/www.kpax-manage.com\/for-office-printing-market-professional-2\/\"]}]},{\"@type\":\"BreadcrumbList\",\"@id\":\"https:\/\/www.kpax-manage.com\/for-office-printing-market-professional-2\/#breadcrumb\",\"itemListElement\":[{\"@type\":\"ListItem\",\"position\":1,\"name\":\"Accueil\",\"item\":\"https:\/\/www.kpax-manage.com\/\"},{\"@type\":\"ListItem\",\"position\":2,\"name\":\"Pour les professionnels du march\u00e9 de l&rsquo;impression\"}]},{\"@type\":\"WebSite\",\"@id\":\"https:\/\/www.kpax-manage.com\/fr\/#website\",\"url\":\"https:\/\/www.kpax-manage.com\/fr\/\",\"name\":\"\",\"description\":\"\",\"potentialAction\":[{\"@type\":\"SearchAction\",\"target\":{\"@type\":\"EntryPoint\",\"urlTemplate\":\"https:\/\/www.kpax-manage.com\/fr\/?s={search_term_string}\"},\"query-input\":{\"@type\":\"PropertyValueSpecification\",\"valueRequired\":true,\"valueName\":\"search_term_string\"}}],\"inLanguage\":\"fr-FR\"}]}<\/script>\n<!-- \/ Yoast SEO plugin. -->","yoast_head_json":{"title":"Printer Fleet Management : meilleure impression - Kpax","description":"Distributeurs de syst\u00e8mes d\u2019impression, fabricants d\u2019imprimantes\/imprimantes MFP, fournisseurs de toner, KPAX vous aide \u00e0 r\u00e9pondre \u00e0 vos besoins critiques.","robots":{"index":"index","follow":"follow","max-snippet":"max-snippet:-1","max-image-preview":"max-image-preview:large","max-video-preview":"max-video-preview:-1"},"canonical":"https:\/\/www.kpax-manage.com\/for-office-printing-market-professional-2\/","og_locale":"fr_FR","og_type":"article","og_title":"Printer Fleet Management : meilleure impression - Kpax","og_description":"Distributeurs de syst\u00e8mes d\u2019impression, fabricants d\u2019imprimantes\/imprimantes MFP, fournisseurs de toner, KPAX vous aide \u00e0 r\u00e9pondre \u00e0 vos besoins critiques.","og_url":"https:\/\/www.kpax-manage.com\/for-office-printing-market-professional-2\/","article_modified_time":"2025-08-19T14:10:42+00:00","twitter_card":"summary_large_image","twitter_misc":{"Dur\u00e9e de lecture estim\u00e9e":"2 minutes"},"schema":{"@context":"https:\/\/schema.org","@graph":[{"@type":"WebPage","@id":"https:\/\/www.kpax-manage.com\/for-office-printing-market-professional-2\/","url":"https:\/\/www.kpax-manage.com\/for-office-printing-market-professional-2\/","name":"Printer Fleet Management : meilleure impression - Kpax","isPartOf":{"@id":"https:\/\/www.kpax-manage.com\/fr\/#website"},"datePublished":"2019-07-30T15:10:03+00:00","dateModified":"2025-08-19T14:10:42+00:00","description":"Distributeurs de syst\u00e8mes d\u2019impression, fabricants d\u2019imprimantes\/imprimantes MFP, fournisseurs de toner, KPAX vous aide \u00e0 r\u00e9pondre \u00e0 vos besoins critiques.","breadcrumb":{"@id":"https:\/\/www.kpax-manage.com\/for-office-printing-market-professional-2\/#breadcrumb"},"inLanguage":"fr-FR","potentialAction":[{"@type":"ReadAction","target":["https:\/\/www.kpax-manage.com\/for-office-printing-market-professional-2\/"]}]},{"@type":"BreadcrumbList","@id":"https:\/\/www.kpax-manage.com\/for-office-printing-market-professional-2\/#breadcrumb","itemListElement":[{"@type":"ListItem","position":1,"name":"Accueil","item":"https:\/\/www.kpax-manage.com\/"},{"@type":"ListItem","position":2,"name":"Pour les professionnels du march\u00e9 de l&rsquo;impression"}]},{"@type":"WebSite","@id":"https:\/\/www.kpax-manage.com\/fr\/#website","url":"https:\/\/www.kpax-manage.com\/fr\/","name":"","description":"","potentialAction":[{"@type":"SearchAction","target":{"@type":"EntryPoint","urlTemplate":"https:\/\/www.kpax-manage.com\/fr\/?s={search_term_string}"},"query-input":{"@type":"PropertyValueSpecification","valueRequired":true,"valueName":"search_term_string"}}],"inLanguage":"fr-FR"}]}},"_links":{"self":[{"href":"https:\/\/www.kpax-manage.com\/fr\/wp-json\/wp\/v2\/pages\/830","targetHints":{"allow":["GET"]}}],"collection":[{"href":"https:\/\/www.kpax-manage.com\/fr\/wp-json\/wp\/v2\/pages"}],"about":[{"href":"https:\/\/www.kpax-manage.com\/fr\/wp-json\/wp\/v2\/types\/page"}],"author":[{"embeddable":true,"href":"https:\/\/www.kpax-manage.com\/fr\/wp-json\/wp\/v2\/users\/2"}],"replies":[{"embeddable":true,"href":"https:\/\/www.kpax-manage.com\/fr\/wp-json\/wp\/v2\/comments?post=830"}],"version-history":[{"count":2,"href":"https:\/\/www.kpax-manage.com\/fr\/wp-json\/wp\/v2\/pages\/830\/revisions"}],"predecessor-version":[{"id":13966,"href":"https:\/\/www.kpax-manage.com\/fr\/wp-json\/wp\/v2\/pages\/830\/revisions\/13966"}],"wp:attachment":[{"href":"https:\/\/www.kpax-manage.com\/fr\/wp-json\/wp\/v2\/media?parent=830"}],"curies":[{"name":"wp","href":"https:\/\/api.w.org\/{rel}","templated":true}]}}