{"id":5843,"date":"2022-10-04T09:03:22","date_gmt":"2022-10-04T07:03:22","guid":{"rendered":"https:\/\/www.kpax-manage.com\/?page_id=5843"},"modified":"2025-07-31T14:12:41","modified_gmt":"2025-07-31T12:12:41","slug":"temoignages","status":"publish","type":"page","link":"https:\/\/www.kpax-manage.com\/fr\/temoignages\/","title":{"rendered":"T\u00e9moignages clients de KPAX Manage"},"content":{"rendered":"<div class=\"wpb-content-wrapper\">[vc_row][vc_column][vc_column_text]    <div data-options='{&quot;id&quot;:&quot;5853&quot;,&quot;lazy_load&quot;:&quot;no&quot;,&quot;masonry_enable&quot;:&quot;no&quot;,&quot;view_type&quot;:&quot;grid&quot;}' id=\"post-grid-5853\" class=\"post-grid grid\">\n    \n\n\n    <div class=\"grid-items\">\n      <div class=\"item item-3627 skin flat even 0 \">\n        <div class=\"layer-wrapper layout-5190\">\n          <div class=\"element element_1664868392977  thumb \">\r\n                    <img decoding=\"async\" alt=\"Asolutions logo\" src=\"https:\/\/www.kpax-manage.com\/wp-content\/uploads\/2021\/06\/asolutions-logo.png\">\r\n            <\/div>\r\n    <div class=\"element element_1664868402889  title_link \">\r\n                    <a target=\"_blank\"\r\n                href=\"https:\/\/www.kpax-manage.com\/fr\/temoignages\/a-solutions-pty-ltd-and-the-benefits-of-using-kpax-in-and-mps-sla-environment\/\">T\u00e9moignage d&rsquo;A Solutions Pty Ltd sur l&rsquo;utilisation de KPAX dans un environnement MPS<\/a>\r\n            <\/div>\r\n<div class=\"content-lang\">KPAX a chang\u00e9 la fa\u00e7on dont nous g\u00e9rons nos clients...<\/div>            <a class=\"element element_1664869399018  read_more \"\r\n            target=\"_blank\"\r\n            href=\"https:\/\/www.kpax-manage.com\/fr\/temoignages\/a-solutions-pty-ltd-and-the-benefits-of-using-kpax-in-and-mps-sla-environment\/\">Read more<\/a>\r\n        <\/div>\n  <\/div><div class=\"item item-3192 skin flat odd 1 \">\n        <div class=\"layer-wrapper layout-5190\">\n          <div class=\"element element_1664868392977  thumb \">\r\n                    <img decoding=\"async\" alt=\"Axium solutions logo\" src=\"https:\/\/www.kpax-manage.com\/wp-content\/uploads\/2020\/12\/Logo-Axium.jpg\">\r\n            <\/div>\r\n    <div class=\"element element_1664868402889  title_link \">\r\n                    <a target=\"_blank\"\r\n                href=\"https:\/\/www.kpax-manage.com\/fr\/temoignages\/axium-solutions-tells-us-about-its-experience-with-kpax\/\">T\u00e9moignage d&rsquo;Axium Solutions sur leur exp\u00e9rience avec KPAX<\/a>\r\n            <\/div>\r\n<div class=\"content-lang\">Axium Solutions a \u00e9t\u00e9 cr\u00e9\u00e9 en 2012 autour de 4...<\/div>            <a class=\"element element_1664869399018  read_more \"\r\n            target=\"_blank\"\r\n            href=\"https:\/\/www.kpax-manage.com\/fr\/temoignages\/axium-solutions-tells-us-about-its-experience-with-kpax\/\">Read more<\/a>\r\n        <\/div>\n  <\/div><div class=\"item item-3152 skin flat even 2 \">\n        <div class=\"layer-wrapper layout-5190\">\n          <div class=\"element element_1664868392977  thumb \">\r\n                    <img decoding=\"async\" alt=\"cochin broca hotel dieu logo\" src=\"https:\/\/www.kpax-manage.com\/wp-content\/uploads\/2020\/10\/cochin-logo.jpg\">\r\n            <\/div>\r\n    <div class=\"element element_1664868402889  title_link \">\r\n                    <a target=\"_blank\"\r\n                href=\"https:\/\/www.kpax-manage.com\/fr\/temoignages\/cochin-broca-hotel-dieu\/\">T\u00e9moignage du Groupe Hospitalier Cochin sur l&rsquo;utilisation de KPAX<\/a>\r\n            <\/div>\r\n<div class=\"content-lang\">KPAX Manage est arriv\u00e9 dans un contexte de projet d\u2019optimisation...<\/div>            <a class=\"element element_1664869399018  read_more \"\r\n            target=\"_blank\"\r\n            href=\"https:\/\/www.kpax-manage.com\/fr\/temoignages\/cochin-broca-hotel-dieu\/\">Read more<\/a>\r\n        <\/div>\n  <\/div><div class=\"item item-2521 skin flat odd 3 \">\n        <div class=\"layer-wrapper layout-5190\">\n          <div class=\"element element_1664868392977  thumb \">\r\n                    <img decoding=\"async\" alt=\"Groupe KOESIO\" src=\"https:\/\/www.kpax-manage.com\/wp-content\/uploads\/2020\/04\/logo-koesio-ancien-cpro.png\">\r\n            <\/div>\r\n    <div class=\"element element_1664868402889  title_link \">\r\n                    <a target=\"_blank\"\r\n                href=\"https:\/\/www.kpax-manage.com\/fr\/temoignages\/groupe-cpro\/\">Groupe KOESIO<\/a>\r\n            <\/div>\r\n<div class=\"content-lang\">KOESIO est une entreprise fond\u00e9e en 1991 , par Mr...<\/div>            <a class=\"element element_1664869399018  read_more \"\r\n            target=\"_blank\"\r\n            href=\"https:\/\/www.kpax-manage.com\/fr\/temoignages\/groupe-cpro\/\">Read more<\/a>\r\n        <\/div>\n  <\/div><div class=\"item item-2520 skin flat even 4 \">\n        <div class=\"layer-wrapper layout-5190\">\n          <div class=\"element element_1664868392977  thumb \">\r\n                    <img decoding=\"async\" alt=\"2it logo\" src=\"https:\/\/www.kpax-manage.com\/wp-content\/uploads\/2019\/08\/rhone.jpg\">\r\n            <\/div>\r\n    <div class=\"element element_1664868402889  title_link \">\r\n                    <a target=\"_blank\"\r\n                href=\"https:\/\/www.kpax-manage.com\/fr\/temoignages\/2it-solutions\/\">T\u00e9moignage de 2IT Solutions sur l&rsquo;utilisation de KPAX<\/a>\r\n            <\/div>\r\n<div class=\"content-lang\">2IT Solution est distributeur de la marque Ricoh sur la...<\/div>            <a class=\"element element_1664869399018  read_more \"\r\n            target=\"_blank\"\r\n            href=\"https:\/\/www.kpax-manage.com\/fr\/temoignages\/2it-solutions\/\">Read more<\/a>\r\n        <\/div>\n  <\/div><div class=\"item item-2512 skin flat odd 5 \">\n        <div class=\"layer-wrapper layout-5190\">\n          <div class=\"element element_1664868392977  thumb \">\r\n                    <img decoding=\"async\" alt=\"Post telecom logo\" src=\"https:\/\/www.kpax-manage.com\/wp-content\/uploads\/2020\/04\/post.png\">\r\n            <\/div>\r\n    <div class=\"element element_1664868402889  title_link \">\r\n                    <a target=\"_blank\"\r\n                href=\"https:\/\/www.kpax-manage.com\/fr\/temoignages\/post-telecom-luxembourg\/\">T\u00e9moignage de POST Telecom Luxembourg sur l&rsquo;utilisation de KPAX<\/a>\r\n            <\/div>\r\n<div class=\"content-lang\">Bas\u00e9e au Luxembourg, POST Telecom couvre l\u2019ensemble des domaines ICT...<\/div>            <a class=\"element element_1664869399018  read_more \"\r\n            target=\"_blank\"\r\n            href=\"https:\/\/www.kpax-manage.com\/fr\/temoignages\/post-telecom-luxembourg\/\">Read more<\/a>\r\n        <\/div>\n  <\/div><div class=\"item item-2356 skin flat even 6 \">\n        <div class=\"layer-wrapper layout-5190\">\n          <div class=\"element element_1664868392977  thumb \">\r\n                    <img decoding=\"async\" alt=\"CFAO technology &amp; energy logo\" src=\"https:\/\/www.kpax-manage.com\/wp-content\/uploads\/2020\/02\/CFAOt-1.png\">\r\n            <\/div>\r\n    <div class=\"element element_1664868402889  title_link \">\r\n                    <a target=\"_blank\"\r\n                href=\"https:\/\/www.kpax-manage.com\/fr\/temoignages\/cfao-technology-energy-optimise-linfogerance-des-moyens-dimpression-avec-kpax\/\">T\u00e9moignage de CFAO Technology &#038; Energy sur l&rsquo;optimisation de l&rsquo;infog\u00e9rance des moyens d&rsquo;impression avec KPAX<\/a>\r\n            <\/div>\r\n<div class=\"content-lang\">L\u2019activit\u00e9 bureautique de CFAO Technology &amp; Energy (Filiale du Groupe...<\/div>            <a class=\"element element_1664869399018  read_more \"\r\n            target=\"_blank\"\r\n            href=\"https:\/\/www.kpax-manage.com\/fr\/temoignages\/cfao-technology-energy-optimise-linfogerance-des-moyens-dimpression-avec-kpax\/\">Read more<\/a>\r\n        <\/div>\n  <\/div><div class=\"item item-1068 skin flat odd 7 \">\n        <div class=\"layer-wrapper layout-5190\">\n          <div class=\"element element_1664868392977  thumb \">\r\n                    <img decoding=\"async\" alt=\"smb logo\" src=\"https:\/\/www.kpax-manage.com\/wp-content\/uploads\/2019\/08\/smb-1024x499.jpg\">\r\n            <\/div>\r\n    <div class=\"element element_1664868402889  title_link \">\r\n                    <a target=\"_blank\"\r\n                href=\"https:\/\/www.kpax-manage.com\/fr\/temoignages\/technical-director-smb-97\/\">T\u00e9moignage du directeur technique de SMB 97 sur l&rsquo;utilisation de KPAX<\/a>\r\n            <\/div>\r\n<div class=\"content-lang\">Cr\u00e9\u00e9 en Martinique en 1989, Le Groupe SMB rayonne maintenant...<\/div>            <a class=\"element element_1664869399018  read_more \"\r\n            target=\"_blank\"\r\n            href=\"https:\/\/www.kpax-manage.com\/fr\/temoignages\/technical-director-smb-97\/\">Read more<\/a>\r\n        <\/div>\n  <\/div><div class=\"item item-1066 skin flat even 8 \">\n        <div class=\"layer-wrapper layout-5190\">\n          <div class=\"element element_1664868392977  thumb \">\r\n                    <img decoding=\"async\" alt=\"ecoburotic logo\" src=\"https:\/\/www.kpax-manage.com\/wp-content\/uploads\/2019\/08\/ecoburotic.jpg\">\r\n            <\/div>\r\n    <div class=\"element element_1664868402889  title_link \">\r\n                    <a target=\"_blank\"\r\n                href=\"https:\/\/www.kpax-manage.com\/fr\/temoignages\/operations-manager-for-ecoburotic\/\">T\u00e9moignage du directeur des op\u00e9rations d&rsquo;Ecoburotic sur l&rsquo;utilisation de KPAX<\/a>\r\n            <\/div>\r\n<div class=\"content-lang\">Pr\u00e9sent en France, en Belgique et au Royaume-Uni, le groupe...<\/div>            <a class=\"element element_1664869399018  read_more \"\r\n            target=\"_blank\"\r\n            href=\"https:\/\/www.kpax-manage.com\/fr\/temoignages\/operations-manager-for-ecoburotic\/\">Read more<\/a>\r\n        <\/div>\n  <\/div><div class=\"item item-1064 skin flat odd 9 \">\n        <div class=\"layer-wrapper layout-5190\">\n          <div class=\"element element_1664868392977  thumb \">\r\n                    <img decoding=\"async\" alt=\"soram logo\" src=\"https:\/\/www.kpax-manage.com\/wp-content\/uploads\/2019\/08\/soram.jpg\">\r\n            <\/div>\r\n    <div class=\"element element_1664868402889  title_link \">\r\n                    <a target=\"_blank\"\r\n                href=\"https:\/\/www.kpax-manage.com\/fr\/temoignages\/technical-manager-of-soram\/\">T\u00e9moignage du responsable technique de Soram sur l&rsquo;utilisation de KPAX<\/a>\r\n            <\/div>\r\n<div class=\"content-lang\">SORAM a \u00e9t\u00e9 l\u2019un des premiers utilisateurs de KPAX Manage,...<\/div>            <a class=\"element element_1664869399018  read_more \"\r\n            target=\"_blank\"\r\n            href=\"https:\/\/www.kpax-manage.com\/fr\/temoignages\/technical-manager-of-soram\/\">Read more<\/a>\r\n        <\/div>\n  <\/div>    <\/div>\n    <div class=\"pagination\">\n      <div class=\"paginate\">\n      <\/div>\n  <style type=\"text\/css\">\n    #post-grid-5853 .pagination .page-numbers {\n      font-size: 16px;\n      color: #fff;\n      background: #646464;\n    }\n\n    #post-grid-5853 .pagination .page-numbers:hover,\n    #post-grid-5853 .pagination .page-numbers.current {\n      background: #4b4b4b;\n    }\n  <\/style>\n  <\/div>\n    <style type=\"text\/css\">\r\n        .layout-5190 .element_1664868392977 {\r\n            overflow: hidden;\r\n                    }\r\n\r\n        .layout-5190 .element_1664868392977 img {\r\n            max-width: 100%;\r\n            height: auto;\r\n        }\r\n\r\n        @media only screen and (min-width: 1024px) {\r\n            .layout-5190 .element_1664868392977 {\r\n                            }\r\n        }\r\n\r\n        @media only screen and (min-width: 768px) and (max-width: 1023px) {\r\n            .layout-5190 .element_1664868392977 {\r\n                            }\r\n        }\r\n\r\n        @media only screen and (min-width: 0px) and (max-width: 767px) {\r\n            .layout-5190 .element_1664868392977 {\r\n                            }\r\n        }\r\n    <\/style>\r\n    <style type=\"text\/css\">\r\n        .layout-5190 .element_1664868402889 {\r\n            text-align: left;\r\n                    }\r\n\r\n        .layout-5190 .element_1664868402889 a {\r\n                    }\r\n    <\/style>\r\n    <style type=\"text\/css\">\r\n        .layout-5190 .element_1664869399018 {\r\n            text-align: left;\r\n                    }\r\n\r\n        .layout-5190 .element_1664869399018 a {\r\n                    }\r\n    <\/style>\r\n        <style type=\"text\/css\">\n      .layout-5190 a{text-decoration:none}.layout-5190{vertical-align:top}.layout-5190 .layer-content{padding:10px}    <\/style>\n    <script>\n          <\/script>\n    <style type=\"text\/css\">\n    #post-grid-5853 {\n      padding: 10px;\n          }\n\n    #post-grid-5853 .item {\n      padding: 0px;\n      background: #fff;\n          }\n\n    #post-grid-5853 .item .layer-media {\n      height:auto;    }\n\n    @media only screen and (min-width: 0px) and (max-width: 767px) {\n      #post-grid-5853 .grid-items {\n        display: grid;\n        grid-template-columns: 1fr ;\n        column-gap: 10px;\n        row-gap: 10px;\n              }\n\n      #post-grid-5853 .item {\n        height:auto;      }\n    }\n\n    @media only screen and (min-width: 768px) and (max-width: 1023px) {\n      #post-grid-5853 .grid-items {\n        display: grid;\n        grid-template-columns: 1fr 1fr ;\n        column-gap: 10px;\n        row-gap: 10px;\n              }\n\n      #post-grid-5853 .item {\n        max-height:auto;      }\n    }\n\n    @media only screen and (min-width: 1024px) {\n      #post-grid-5853 .grid-items {\n        display: grid;\n        grid-template-columns: 1fr 1fr 1fr ;\n        column-gap: 10px;\n        row-gap: 10px;\n              }\n\n      #post-grid-5853 .item {\n        height:auto;      }\n    }\n\n      <\/style>\n  <\/div>\n[\/vc_column_text][\/vc_column][\/vc_row]<\/div>","protected":false},"excerpt":{"rendered":"<p>[vc_row][vc_column][vc_column_text][\/vc_column_text][\/vc_column][\/vc_row]<\/p>\n","protected":false},"author":2,"featured_media":0,"parent":0,"menu_order":0,"comment_status":"closed","ping_status":"closed","template":"","meta":{"footnotes":""},"class_list":["post-5843","page","type-page","status-publish","hentry","entry"],"translation":{"provider":"WPGlobus","version":"3.0.2","language":"fr","enabled_languages":["en","fr"],"languages":{"en":{"title":true,"content":true,"excerpt":false},"fr":{"title":true,"content":true,"excerpt":false}}},"yoast_head":"<!-- This site is optimized with the Yoast SEO plugin v27.1.1 - https:\/\/yoast.com\/product\/yoast-seo-wordpress\/ -->\n<title>T\u00e9moignages clients de KPAX Manage -<\/title>\n<meta name=\"robots\" content=\"index, follow, max-snippet:-1, max-image-preview:large, max-video-preview:-1\" \/>\n<link rel=\"canonical\" href=\"https:\/\/www.kpax-manage.com\/temoignages\/\" \/>\n<meta property=\"og:locale\" content=\"fr_FR\" \/>\n<meta property=\"og:type\" content=\"article\" \/>\n<meta property=\"og:title\" content=\"T\u00e9moignages clients de KPAX Manage -\" \/>\n<meta property=\"og:url\" content=\"https:\/\/www.kpax-manage.com\/temoignages\/\" \/>\n<meta property=\"article:modified_time\" content=\"2025-07-31T12:12:41+00:00\" \/>\n<meta name=\"twitter:card\" content=\"summary_large_image\" \/>\n<meta name=\"twitter:label1\" content=\"Dur\u00e9e de lecture estim\u00e9e\" \/>\n\t<meta name=\"twitter:data1\" content=\"1 minute\" \/>\n<script type=\"application\/ld+json\" class=\"yoast-schema-graph\">{\"@context\":\"https:\/\/schema.org\",\"@graph\":[{\"@type\":\"WebPage\",\"@id\":\"https:\/\/www.kpax-manage.com\/temoignages\/\",\"url\":\"https:\/\/www.kpax-manage.com\/temoignages\/\",\"name\":\"T\u00e9moignages clients de KPAX Manage -\",\"isPartOf\":{\"@id\":\"https:\/\/www.kpax-manage.com\/fr\/#website\"},\"datePublished\":\"2022-10-04T07:03:22+00:00\",\"dateModified\":\"2025-07-31T12:12:41+00:00\",\"description\":\"KPAX en Lumi\u00e8re : D\u00e9couvrez les Impressions des Entreprises. T\u00e9moignages inspirants sur notre solution de gestion r\u00e9volutionnaire.\",\"breadcrumb\":{\"@id\":\"https:\/\/www.kpax-manage.com\/temoignages\/#breadcrumb\"},\"inLanguage\":\"fr-FR\",\"potentialAction\":[{\"@type\":\"ReadAction\",\"target\":[\"https:\/\/www.kpax-manage.com\/temoignages\/\"]}]},{\"@type\":\"BreadcrumbList\",\"@id\":\"https:\/\/www.kpax-manage.com\/temoignages\/#breadcrumb\",\"itemListElement\":[{\"@type\":\"ListItem\",\"position\":1,\"name\":\"Accueil\",\"item\":\"https:\/\/www.kpax-manage.com\/\"},{\"@type\":\"ListItem\",\"position\":2,\"name\":\"T\u00e9moignages clients de KPAX Manage\"}]},{\"@type\":\"WebSite\",\"@id\":\"https:\/\/www.kpax-manage.com\/fr\/#website\",\"url\":\"https:\/\/www.kpax-manage.com\/fr\/\",\"name\":\"\",\"description\":\"\",\"potentialAction\":[{\"@type\":\"SearchAction\",\"target\":{\"@type\":\"EntryPoint\",\"urlTemplate\":\"https:\/\/www.kpax-manage.com\/fr\/?s={search_term_string}\"},\"query-input\":{\"@type\":\"PropertyValueSpecification\",\"valueRequired\":true,\"valueName\":\"search_term_string\"}}],\"inLanguage\":\"fr-FR\"}]}<\/script>\n<!-- \/ Yoast SEO plugin. -->","yoast_head_json":{"title":"T\u00e9moignages clients de KPAX Manage -","robots":{"index":"index","follow":"follow","max-snippet":"max-snippet:-1","max-image-preview":"max-image-preview:large","max-video-preview":"max-video-preview:-1"},"canonical":"https:\/\/www.kpax-manage.com\/temoignages\/","og_locale":"fr_FR","og_type":"article","og_title":"T\u00e9moignages clients de KPAX Manage -","og_url":"https:\/\/www.kpax-manage.com\/temoignages\/","article_modified_time":"2025-07-31T12:12:41+00:00","twitter_card":"summary_large_image","twitter_misc":{"Dur\u00e9e de lecture estim\u00e9e":"1 minute"},"schema":{"@context":"https:\/\/schema.org","@graph":[{"@type":"WebPage","@id":"https:\/\/www.kpax-manage.com\/temoignages\/","url":"https:\/\/www.kpax-manage.com\/temoignages\/","name":"T\u00e9moignages clients de KPAX Manage -","isPartOf":{"@id":"https:\/\/www.kpax-manage.com\/fr\/#website"},"datePublished":"2022-10-04T07:03:22+00:00","dateModified":"2025-07-31T12:12:41+00:00","description":"KPAX en Lumi\u00e8re : D\u00e9couvrez les Impressions des Entreprises. T\u00e9moignages inspirants sur notre solution de gestion r\u00e9volutionnaire.","breadcrumb":{"@id":"https:\/\/www.kpax-manage.com\/temoignages\/#breadcrumb"},"inLanguage":"fr-FR","potentialAction":[{"@type":"ReadAction","target":["https:\/\/www.kpax-manage.com\/temoignages\/"]}]},{"@type":"BreadcrumbList","@id":"https:\/\/www.kpax-manage.com\/temoignages\/#breadcrumb","itemListElement":[{"@type":"ListItem","position":1,"name":"Accueil","item":"https:\/\/www.kpax-manage.com\/"},{"@type":"ListItem","position":2,"name":"T\u00e9moignages clients de KPAX Manage"}]},{"@type":"WebSite","@id":"https:\/\/www.kpax-manage.com\/fr\/#website","url":"https:\/\/www.kpax-manage.com\/fr\/","name":"","description":"","potentialAction":[{"@type":"SearchAction","target":{"@type":"EntryPoint","urlTemplate":"https:\/\/www.kpax-manage.com\/fr\/?s={search_term_string}"},"query-input":{"@type":"PropertyValueSpecification","valueRequired":true,"valueName":"search_term_string"}}],"inLanguage":"fr-FR"}]}},"_links":{"self":[{"href":"https:\/\/www.kpax-manage.com\/fr\/wp-json\/wp\/v2\/pages\/5843","targetHints":{"allow":["GET"]}}],"collection":[{"href":"https:\/\/www.kpax-manage.com\/fr\/wp-json\/wp\/v2\/pages"}],"about":[{"href":"https:\/\/www.kpax-manage.com\/fr\/wp-json\/wp\/v2\/types\/page"}],"author":[{"embeddable":true,"href":"https:\/\/www.kpax-manage.com\/fr\/wp-json\/wp\/v2\/users\/2"}],"replies":[{"embeddable":true,"href":"https:\/\/www.kpax-manage.com\/fr\/wp-json\/wp\/v2\/comments?post=5843"}],"version-history":[{"count":1,"href":"https:\/\/www.kpax-manage.com\/fr\/wp-json\/wp\/v2\/pages\/5843\/revisions"}],"predecessor-version":[{"id":14768,"href":"https:\/\/www.kpax-manage.com\/fr\/wp-json\/wp\/v2\/pages\/5843\/revisions\/14768"}],"wp:attachment":[{"href":"https:\/\/www.kpax-manage.com\/fr\/wp-json\/wp\/v2\/media?parent=5843"}],"curies":[{"name":"wp","href":"https:\/\/api.w.org\/{rel}","templated":true}]}}