{"id":578,"date":"2019-07-01T15:25:22","date_gmt":"2019-07-01T15:25:22","guid":{"rendered":"https:\/\/www.kpax-manage.com\/?page_id=578"},"modified":"2025-07-31T14:11:08","modified_gmt":"2025-07-31T12:11:08","slug":"kpax-technical-support-2","status":"publish","type":"page","link":"https:\/\/www.kpax-manage.com\/fr\/kpax-technical-support-2\/","title":{"rendered":"Support technique de KPAX Manage"},"content":{"rendered":"<div class=\"wpb-content-wrapper\">[vc_row][vc_column width=\u00a0\u00bb2\/3&Prime;][vc_row_inner][vc_column_inner][vc_column_text]<strong>Vous utilisez KPAX ou Liberty et vous avez un souci technique ?\r\nUne difficult\u00e9 ?\r\nVous avez une question technique ?<\/strong>\r\nLe support technique de KPAX Major Valuable Partners et de KPAX est l\u00e0 pour vous aider[\/vc_column_text][\/vc_column_inner][\/vc_row_inner][\/vc_column][vc_column width=\u00a0\u00bb1\/3&Prime;][vc_single_image image=\u00a0\u00bb582&Prime; img_size=\u00a0\u00bbfull\u00a0\u00bb css=\u00a0\u00bb.vc_custom_1561995208184{margin-top: -100px !important;}\u00a0\u00bb][\/vc_column][\/vc_row][vc_row el_id=\u00a0\u00bbpartners\u00a0\u00bb][vc_column][vc_column_text]<a class=\"find\" style=\"color: #fff; text-decoration: none;\" href=\"https:\/\/www.kpax-manage.com\/fr\/where-to-buy\/\">TROUVEZ ET CONTACTEZ\r\nVOTRE MVP<\/a>\r\n<div class=\"find1\">CONTACTEZ LE CENTRE DE SUPPORT KPAX\r\n<strong>du lundi au vendredi de 9h \u00e0 12h30 et de 14h \u00e0 18h <\/strong>\r\n<strong>(heure fran\u00e7aise)<\/strong><\/div>\r\n[\/vc_column_text][vc_row_inner css=\u00a0\u00bb.vc_custom_1562163261251{background-color: #0e71b8 !important;}\u00a0\u00bb el_class=\u00a0\u00bbinline-block\u00a0\u00bb][vc_column_inner width=\u00a0\u00bb1\/2&Prime;][vc_column_text css=\u00a0\u00bb\u00a0\u00bb]\r\n<h4 style=\"font-size: 31px; text-transform: uppercase; color: #fff; font-weight: bold; margin-bottom: 40px;\">LE SUPPORT TECHNIQUE EST ASSUR\u00c9 PAR :<\/h4>\r\n<img decoding=\"async\" class=\"alignleft size-full wp-image-604\" src=\"https:\/\/www.kpax-manage.com\/wp-content\/uploads\/2019\/07\/supports.png\" alt=\"\" width=\"660\" height=\"197\" srcset=\"https:\/\/www.kpax-manage.com\/wp-content\/uploads\/2019\/07\/supports.png 660w, https:\/\/www.kpax-manage.com\/wp-content\/uploads\/2019\/07\/supports-300x90.png 300w\" sizes=\"(max-width: 660px) 100vw, 660px\" \/>\r\n<ul style=\"list-style: none; border: 1px dashed #00ffff; display: inline-block; margin: 20px; padding: 20px;\">\r\n \t<li class=\"p2\"><a href=\"https:\/\/contact.bluemega.com\/hc\/fr\">Contact : https:\/\/contact.bluemega.com\/hc\/fr<\/a><\/li>\r\n<\/ul>\r\n<ul style=\"list-style: none; border: 1px dashed #00ffff; display: inline-block; margin: 20px; padding: 20px;\">\r\n \t<li class=\"p3\"><a href=\"https:\/\/bluemega.zendesk.com\/hc\/fr\">Portail support<\/a><\/li>\r\n \t<li class=\"p4\"><a href=\"https:\/\/get.teamviewer.com\/9jhnhxk\" target=\"_blank\" rel=\"noopener noreferrer\">T\u00e9l\u00e9charger le logiciel de commande \u00e0 distance<\/a><\/li>\r\n<\/ul>\r\n[\/vc_column_text][\/vc_column_inner][vc_column_inner width=\u00a0\u00bb1\/2&Prime; el_id=\u00a0\u00bbsuport\u00a0\u00bb][vc_column_text]\r\n<h4 style=\"font-size: 31px; text-transform: uppercase; color: #fff; font-weight: bold; margin-bottom: 40px;\">contact<\/h4>\r\n[\/vc_column_text]\n<div class=\"wpcf7 no-js\" id=\"wpcf7-f1010-o1\" lang=\"fr-FR\" dir=\"ltr\" data-wpcf7-id=\"1010\">\n<div class=\"screen-reader-response\"><p role=\"status\" aria-live=\"polite\" aria-atomic=\"true\"><\/p> <ul><\/ul><\/div>\n<form action=\"\/fr\/wp-json\/wp\/v2\/pages\/578#wpcf7-f1010-o1\" method=\"post\" class=\"wpcf7-form init wpcf7-acceptance-as-validation\" aria-label=\"Formulaire de contact\" novalidate=\"novalidate\" data-status=\"init\">\n<fieldset class=\"hidden-fields-container\"><input type=\"hidden\" name=\"_wpcf7\" value=\"1010\" \/><input type=\"hidden\" name=\"_wpcf7_version\" value=\"6.1.5\" \/><input type=\"hidden\" name=\"_wpcf7_locale\" value=\"fr_FR\" \/><input type=\"hidden\" name=\"_wpcf7_unit_tag\" value=\"wpcf7-f1010-o1\" \/><input type=\"hidden\" name=\"_wpcf7_container_post\" value=\"0\" \/><input type=\"hidden\" name=\"_wpcf7_posted_data_hash\" value=\"\" \/><input type=\"hidden\" name=\"_wpcf7_recaptcha_response\" value=\"\" \/>\n<\/fieldset>\n<div class=\"support\">\n\t<div class=\"vc_col-sm-6\">\n\t\t<p><span class=\"wpcf7-form-control-wrap\" data-name=\"text-2891\"><input size=\"40\" maxlength=\"400\" class=\"wpcf7-form-control wpcf7-text wpcf7-validates-as-required\" aria-required=\"true\" aria-invalid=\"false\" placeholder=\"T\u00e9l\u00e9phone\" value=\"\" type=\"text\" name=\"text-2891\" \/><\/span>\n\t\t<\/p>\n\t<\/div>\n\t<div class=\"vc_col-sm-6\">\n\t\t<p><span class=\"wpcf7-form-control-wrap\" data-name=\"text-2892\"><input size=\"40\" maxlength=\"400\" class=\"wpcf7-form-control wpcf7-text wpcf7-validates-as-required\" aria-required=\"true\" aria-invalid=\"false\" placeholder=\"Mail\" value=\"\" type=\"text\" name=\"text-2892\" \/><\/span>\n\t\t<\/p>\n\t<\/div>\n\t<div  class=\"vc_col-sm-6\">\n\t\t<p><span class=\"wpcf7-form-control-wrap\" data-name=\"text-2893\"><input size=\"40\" maxlength=\"400\" class=\"wpcf7-form-control wpcf7-text wpcf7-validates-as-required\" aria-required=\"true\" aria-invalid=\"false\" placeholder=\"Nom\" value=\"\" type=\"text\" name=\"text-2893\" \/><\/span>\n\t\t<\/p>\n\t<\/div>\n\t<div  class=\"vc_col-sm-6\">\n\t\t<p><span class=\"wpcf7-form-control-wrap\" data-name=\"text-2894\"><input size=\"40\" maxlength=\"400\" class=\"wpcf7-form-control wpcf7-text wpcf7-validates-as-required\" aria-required=\"true\" aria-invalid=\"false\" placeholder=\"Adresse du site concern\u00e9\" value=\"\" type=\"text\" name=\"text-2894\" \/><\/span>\n\t\t<\/p>\n\t<\/div>\n\t<div  class=\"vc_col-sm-6\">\n\t\t<p><span class=\"wpcf7-form-control-wrap\" data-name=\"text-2895\"><input size=\"40\" maxlength=\"400\" class=\"wpcf7-form-control wpcf7-text\" aria-invalid=\"false\" placeholder=\"Nom du produit concern\u00e9\" value=\"\" type=\"text\" name=\"text-2895\" \/><\/span>\n\t\t<\/p>\n\t<\/div>\n\t<div  class=\"vc_col-sm-6\">\n\t\t<p><span class=\"wpcf7-form-control-wrap\" data-name=\"tel-478\"><input size=\"40\" maxlength=\"400\" class=\"wpcf7-form-control wpcf7-tel wpcf7-text wpcf7-validates-as-tel\" aria-invalid=\"false\" placeholder=\"Num\u00e9ro WhatsApp\" value=\"\" type=\"tel\" name=\"tel-478\" \/><\/span>\n\t\t<\/p>\n\t<\/div>\n\t<div  class=\"vc_col-sm-12\">\n\t\t<p><span class=\"wpcf7-form-control-wrap\" data-name=\"textarea-85\"><textarea cols=\"40\" rows=\"10\" maxlength=\"2000\" class=\"wpcf7-form-control wpcf7-textarea\" aria-invalid=\"false\" placeholder=\"Description de votre incident\" name=\"textarea-85\"><\/textarea><\/span>\n\t\t<\/p>\n\t<\/div>\n\t<div  class=\"vc_col-sm-10\">\n\t\t<p><span class=\"wpcf7-form-control-wrap\" data-name=\"text-2896\"><input size=\"40\" maxlength=\"400\" class=\"wpcf7-form-control wpcf7-text\" aria-invalid=\"false\" placeholder=\"Num\u00e9ro du ticket si vous avez d\u00e9j\u00e0 un ticket ouvert chez nous \u00e0 ce sujet\" value=\"\" type=\"text\" name=\"text-2896\" \/><\/span>\n\t\t<\/p>\n\t<\/div>\n\t<div class=\"vc_col-sm-12\">\n\t\t<p><label style=\"display:flex;\"><br \/>\n<span class=\"wpcf7-form-control-wrap\" data-name=\"acceptance-730\"><span class=\"wpcf7-form-control wpcf7-acceptance\"><span class=\"wpcf7-list-item\"><input type=\"checkbox\" name=\"acceptance-730\" value=\"1\" aria-invalid=\"false\" \/><\/span><\/span><\/span><span style=\"font-size:15px;\">Je consens \u00e0 \u00eatre mis en relation avec KPAX pour r\u00e9pondre \u00e0 mes questions, suivre ce lien pour d\u00e9couvrir vos droits dans la<a href=\"https:\/\/www.kpax-manage.com\/fr\/privacy-policy\/\" style=\"color:black;\"> Politique Protection des donn\u00e9es personnelles <\/a>de KPAX<\/span><\/label><br \/>\n<input class=\"wpcf7-form-control wpcf7-submit has-spinner\" type=\"submit\" value=\"Envoyer\" \/>\n\t\t<\/p>\n\t<\/div>\n<\/div><div class=\"wpcf7-response-output\" aria-hidden=\"true\"><\/div>\n<\/form>\n<\/div>\n[\/vc_column_inner][\/vc_row_inner][vc_row_inner][vc_column_inner][\/vc_column_inner][\/vc_row_inner][\/vc_column][\/vc_row]<\/div>","protected":false},"excerpt":{"rendered":"<p>[vc_row][vc_column width=\u00a0\u00bb2\/3&Prime;][vc_row_inner][vc_column_inner][vc_column_text]Vous utilisez KPAX ou Liberty et vous avez un souci technique ? Une difficult\u00e9 ? Vous avez une question technique ? Le support technique de KPAX Major Valuable Partners et de KPAX est l\u00e0 pour vous aider[\/vc_column_text][\/vc_column_inner][\/vc_row_inner][\/vc_column][vc_column width=\u00a0\u00bb1\/3&Prime;][vc_single_image image=\u00a0\u00bb582&Prime; img_size=\u00a0\u00bbfull\u00a0\u00bb css=\u00a0\u00bb.vc_custom_1561995208184{margin-top: -100px !important;}\u00a0\u00bb][\/vc_column][\/vc_row][vc_row el_id=\u00a0\u00bbpartners\u00a0\u00bb][vc_column][vc_column_text]TROUVEZ ET CONTACTEZ VOTRE MVP CONTACTEZ LE CENTRE DE SUPPORT KPAX &hellip; <\/p>\n<p class=\"link-more\"><a href=\"https:\/\/www.kpax-manage.com\/fr\/kpax-technical-support-2\/\" class=\"more-link\">Continuer la lecture <span class=\"screen-reader-text\"> \u00ab\u00a0Support technique de KPAX Manage\u00a0\u00bb<\/span><\/a><\/p>\n","protected":false},"author":2,"featured_media":0,"parent":0,"menu_order":0,"comment_status":"closed","ping_status":"closed","template":"","meta":{"footnotes":""},"class_list":["post-578","page","type-page","status-publish","hentry","entry"],"translation":{"provider":"WPGlobus","version":"3.0.2","language":"fr","enabled_languages":["en","fr"],"languages":{"en":{"title":true,"content":true,"excerpt":false},"fr":{"title":true,"content":true,"excerpt":false}}},"yoast_head":"<!-- This site is optimized with the Yoast SEO plugin v27.1.1 - https:\/\/yoast.com\/product\/yoast-seo-wordpress\/ -->\n<title>Notre support technique KPAX est la pour vous aider<\/title>\n<meta name=\"description\" content=\"Le support technique de KPAX Major Valuable Partners et de KPAX est l\u00e0 pour vous aider.\" \/>\n<meta name=\"robots\" content=\"index, follow, max-snippet:-1, max-image-preview:large, max-video-preview:-1\" \/>\n<link rel=\"canonical\" href=\"https:\/\/www.kpax-manage.com\/kpax-technical-support-2\/\" \/>\n<meta property=\"og:locale\" content=\"fr_FR\" \/>\n<meta property=\"og:type\" content=\"article\" \/>\n<meta property=\"og:title\" content=\"Notre support technique KPAX est la pour vous aider\" \/>\n<meta property=\"og:description\" content=\"Le support technique de KPAX Major Valuable Partners et de KPAX est l\u00e0 pour vous aider.\" \/>\n<meta property=\"og:url\" content=\"https:\/\/www.kpax-manage.com\/kpax-technical-support-2\/\" \/>\n<meta property=\"article:modified_time\" content=\"2025-07-31T12:11:08+00:00\" \/>\n<meta property=\"og:image\" content=\"https:\/\/www.kpax-manage.com\/wp-content\/uploads\/2019\/07\/supports.png\" \/>\n<meta name=\"twitter:card\" content=\"summary_large_image\" \/>\n<meta name=\"twitter:label1\" content=\"Dur\u00e9e de lecture estim\u00e9e\" \/>\n\t<meta name=\"twitter:data1\" content=\"1 minute\" \/>\n<script type=\"application\/ld+json\" class=\"yoast-schema-graph\">{\"@context\":\"https:\/\/schema.org\",\"@graph\":[{\"@type\":\"WebPage\",\"@id\":\"https:\/\/www.kpax-manage.com\/kpax-technical-support-2\/\",\"url\":\"https:\/\/www.kpax-manage.com\/kpax-technical-support-2\/\",\"name\":\"Notre support technique KPAX est la pour vous aider\",\"isPartOf\":{\"@id\":\"https:\/\/www.kpax-manage.com\/fr\/#website\"},\"primaryImageOfPage\":{\"@id\":\"https:\/\/www.kpax-manage.com\/kpax-technical-support-2\/#primaryimage\"},\"image\":{\"@id\":\"https:\/\/www.kpax-manage.com\/kpax-technical-support-2\/#primaryimage\"},\"thumbnailUrl\":\"https:\/\/www.kpax-manage.com\/wp-content\/uploads\/2019\/07\/supports.png\",\"datePublished\":\"2019-07-01T15:25:22+00:00\",\"dateModified\":\"2025-07-31T12:11:08+00:00\",\"description\":\"Le support technique de KPAX Major Valuable Partners et de KPAX est l\u00e0 pour vous aider.\",\"breadcrumb\":{\"@id\":\"https:\/\/www.kpax-manage.com\/kpax-technical-support-2\/#breadcrumb\"},\"inLanguage\":\"fr-FR\",\"potentialAction\":[{\"@type\":\"ReadAction\",\"target\":[\"https:\/\/www.kpax-manage.com\/kpax-technical-support-2\/\"]}]},{\"@type\":\"ImageObject\",\"inLanguage\":\"fr-FR\",\"@id\":\"https:\/\/www.kpax-manage.com\/kpax-technical-support-2\/#primaryimage\",\"url\":\"https:\/\/www.kpax-manage.com\/wp-content\/uploads\/2019\/07\/supports.png\",\"contentUrl\":\"https:\/\/www.kpax-manage.com\/wp-content\/uploads\/2019\/07\/supports.png\"},{\"@type\":\"BreadcrumbList\",\"@id\":\"https:\/\/www.kpax-manage.com\/kpax-technical-support-2\/#breadcrumb\",\"itemListElement\":[{\"@type\":\"ListItem\",\"position\":1,\"name\":\"Accueil\",\"item\":\"https:\/\/www.kpax-manage.com\/\"},{\"@type\":\"ListItem\",\"position\":2,\"name\":\"Support technique de KPAX Manage\"}]},{\"@type\":\"WebSite\",\"@id\":\"https:\/\/www.kpax-manage.com\/fr\/#website\",\"url\":\"https:\/\/www.kpax-manage.com\/fr\/\",\"name\":\"\",\"description\":\"\",\"potentialAction\":[{\"@type\":\"SearchAction\",\"target\":{\"@type\":\"EntryPoint\",\"urlTemplate\":\"https:\/\/www.kpax-manage.com\/fr\/?s={search_term_string}\"},\"query-input\":{\"@type\":\"PropertyValueSpecification\",\"valueRequired\":true,\"valueName\":\"search_term_string\"}}],\"inLanguage\":\"fr-FR\"}]}<\/script>\n<!-- \/ Yoast SEO plugin. -->","yoast_head_json":{"title":"Notre support technique KPAX est la pour vous aider","description":"Le support technique de KPAX Major Valuable Partners et de KPAX est l\u00e0 pour vous aider.","robots":{"index":"index","follow":"follow","max-snippet":"max-snippet:-1","max-image-preview":"max-image-preview:large","max-video-preview":"max-video-preview:-1"},"canonical":"https:\/\/www.kpax-manage.com\/kpax-technical-support-2\/","og_locale":"fr_FR","og_type":"article","og_title":"Notre support technique KPAX est la pour vous aider","og_description":"Le support technique de KPAX Major Valuable Partners et de KPAX est l\u00e0 pour vous aider.","og_url":"https:\/\/www.kpax-manage.com\/kpax-technical-support-2\/","article_modified_time":"2025-07-31T12:11:08+00:00","og_image":[{"url":"https:\/\/www.kpax-manage.com\/wp-content\/uploads\/2019\/07\/supports.png","type":"","width":"","height":""}],"twitter_card":"summary_large_image","twitter_misc":{"Dur\u00e9e de lecture estim\u00e9e":"1 minute"},"schema":{"@context":"https:\/\/schema.org","@graph":[{"@type":"WebPage","@id":"https:\/\/www.kpax-manage.com\/kpax-technical-support-2\/","url":"https:\/\/www.kpax-manage.com\/kpax-technical-support-2\/","name":"Notre support technique KPAX est la pour vous aider","isPartOf":{"@id":"https:\/\/www.kpax-manage.com\/fr\/#website"},"primaryImageOfPage":{"@id":"https:\/\/www.kpax-manage.com\/kpax-technical-support-2\/#primaryimage"},"image":{"@id":"https:\/\/www.kpax-manage.com\/kpax-technical-support-2\/#primaryimage"},"thumbnailUrl":"https:\/\/www.kpax-manage.com\/wp-content\/uploads\/2019\/07\/supports.png","datePublished":"2019-07-01T15:25:22+00:00","dateModified":"2025-07-31T12:11:08+00:00","description":"Le support technique de KPAX Major Valuable Partners et de KPAX est l\u00e0 pour vous aider.","breadcrumb":{"@id":"https:\/\/www.kpax-manage.com\/kpax-technical-support-2\/#breadcrumb"},"inLanguage":"fr-FR","potentialAction":[{"@type":"ReadAction","target":["https:\/\/www.kpax-manage.com\/kpax-technical-support-2\/"]}]},{"@type":"ImageObject","inLanguage":"fr-FR","@id":"https:\/\/www.kpax-manage.com\/kpax-technical-support-2\/#primaryimage","url":"https:\/\/www.kpax-manage.com\/wp-content\/uploads\/2019\/07\/supports.png","contentUrl":"https:\/\/www.kpax-manage.com\/wp-content\/uploads\/2019\/07\/supports.png"},{"@type":"BreadcrumbList","@id":"https:\/\/www.kpax-manage.com\/kpax-technical-support-2\/#breadcrumb","itemListElement":[{"@type":"ListItem","position":1,"name":"Accueil","item":"https:\/\/www.kpax-manage.com\/"},{"@type":"ListItem","position":2,"name":"Support technique de KPAX Manage"}]},{"@type":"WebSite","@id":"https:\/\/www.kpax-manage.com\/fr\/#website","url":"https:\/\/www.kpax-manage.com\/fr\/","name":"","description":"","potentialAction":[{"@type":"SearchAction","target":{"@type":"EntryPoint","urlTemplate":"https:\/\/www.kpax-manage.com\/fr\/?s={search_term_string}"},"query-input":{"@type":"PropertyValueSpecification","valueRequired":true,"valueName":"search_term_string"}}],"inLanguage":"fr-FR"}]}},"_links":{"self":[{"href":"https:\/\/www.kpax-manage.com\/fr\/wp-json\/wp\/v2\/pages\/578","targetHints":{"allow":["GET"]}}],"collection":[{"href":"https:\/\/www.kpax-manage.com\/fr\/wp-json\/wp\/v2\/pages"}],"about":[{"href":"https:\/\/www.kpax-manage.com\/fr\/wp-json\/wp\/v2\/types\/page"}],"author":[{"embeddable":true,"href":"https:\/\/www.kpax-manage.com\/fr\/wp-json\/wp\/v2\/users\/2"}],"replies":[{"embeddable":true,"href":"https:\/\/www.kpax-manage.com\/fr\/wp-json\/wp\/v2\/comments?post=578"}],"version-history":[{"count":6,"href":"https:\/\/www.kpax-manage.com\/fr\/wp-json\/wp\/v2\/pages\/578\/revisions"}],"predecessor-version":[{"id":14767,"href":"https:\/\/www.kpax-manage.com\/fr\/wp-json\/wp\/v2\/pages\/578\/revisions\/14767"}],"wp:attachment":[{"href":"https:\/\/www.kpax-manage.com\/fr\/wp-json\/wp\/v2\/media?parent=578"}],"curies":[{"name":"wp","href":"https:\/\/api.w.org\/{rel}","templated":true}]}}