{"id":3360,"date":"2021-03-12T10:44:40","date_gmt":"2021-03-12T08:44:40","guid":{"rendered":"https:\/\/www.kpax-manage.com\/?page_id=3360"},"modified":"2024-02-14T14:15:02","modified_gmt":"2024-02-14T12:15:02","slug":"thanks-liberty-simplifies-data-collection","status":"publish","type":"page","link":"https:\/\/www.kpax-manage.com\/fr\/thanks-liberty-simplifies-data-collection\/","title":{"rendered":"Liberty simplifie la collecte des donn\u00e9es"},"content":{"rendered":"<p style=\"text-align: center;\"><img decoding=\"async\" class=\"wp-image-3303 size-large aligncenter\" src=\"https:\/\/www.kpax-manage.com\/wp-content\/uploads\/2021\/02\/merci-1024x537.jpg\" alt=\"\" width=\"640\" height=\"336\" srcset=\"https:\/\/www.kpax-manage.com\/wp-content\/uploads\/2021\/02\/merci-1024x537.jpg 1024w, https:\/\/www.kpax-manage.com\/wp-content\/uploads\/2021\/02\/merci-300x157.jpg 300w, https:\/\/www.kpax-manage.com\/wp-content\/uploads\/2021\/02\/merci-768x403.jpg 768w, https:\/\/www.kpax-manage.com\/wp-content\/uploads\/2021\/02\/merci.jpg 1200w\" sizes=\"(max-width: 640px) 100vw, 640px\" \/>Merci d&rsquo;avoir t\u00e9l\u00e9charg\u00e9 notre guide<\/p>","protected":false},"excerpt":{"rendered":"<p>Merci d&rsquo;avoir t\u00e9l\u00e9charg\u00e9 notre guide<\/p>\n","protected":false},"author":2,"featured_media":0,"parent":0,"menu_order":0,"comment_status":"closed","ping_status":"closed","template":"","meta":{"footnotes":""},"class_list":["post-3360","page","type-page","status-publish","hentry","entry"],"translation":{"provider":"WPGlobus","version":"3.0.2","language":"fr","enabled_languages":["en","fr"],"languages":{"en":{"title":true,"content":true,"excerpt":false},"fr":{"title":true,"content":true,"excerpt":false}}},"yoast_head":"<!-- This site is optimized with the Yoast SEO plugin v27.1.1 - https:\/\/yoast.com\/product\/yoast-seo-wordpress\/ -->\n<title>Liberty simplifie la collecte des donn\u00e9es -<\/title>\n<meta name=\"robots\" content=\"index, follow, max-snippet:-1, max-image-preview:large, max-video-preview:-1\" \/>\n<link rel=\"canonical\" href=\"https:\/\/www.kpax-manage.com\/thanks-liberty-simplifies-data-collection\/\" \/>\n<meta property=\"og:locale\" content=\"fr_FR\" \/>\n<meta property=\"og:type\" content=\"article\" \/>\n<meta property=\"og:title\" content=\"Liberty simplifie la collecte des donn\u00e9es -\" \/>\n<meta property=\"og:url\" content=\"https:\/\/www.kpax-manage.com\/thanks-liberty-simplifies-data-collection\/\" \/>\n<meta property=\"article:modified_time\" content=\"2024-02-14T12:15:02+00:00\" \/>\n<meta property=\"og:image\" content=\"https:\/\/www.kpax-manage.com\/wp-content\/uploads\/2021\/02\/merci-1024x537.jpg\" \/>\n<meta name=\"twitter:card\" content=\"summary_large_image\" \/>\n<meta name=\"twitter:label1\" content=\"Dur\u00e9e de lecture estim\u00e9e\" \/>\n\t<meta name=\"twitter:data1\" content=\"1 minute\" \/>\n<script type=\"application\/ld+json\" class=\"yoast-schema-graph\">{\"@context\":\"https:\/\/schema.org\",\"@graph\":[{\"@type\":\"WebPage\",\"@id\":\"https:\/\/www.kpax-manage.com\/thanks-liberty-simplifies-data-collection\/\",\"url\":\"https:\/\/www.kpax-manage.com\/thanks-liberty-simplifies-data-collection\/\",\"name\":\"Liberty simplifie la collecte des donn\u00e9es -\",\"isPartOf\":{\"@id\":\"https:\/\/www.kpax-manage.com\/fr\/#website\"},\"primaryImageOfPage\":{\"@id\":\"https:\/\/www.kpax-manage.com\/thanks-liberty-simplifies-data-collection\/#primaryimage\"},\"image\":{\"@id\":\"https:\/\/www.kpax-manage.com\/thanks-liberty-simplifies-data-collection\/#primaryimage\"},\"thumbnailUrl\":\"https:\/\/www.kpax-manage.com\/wp-content\/uploads\/2021\/02\/merci-1024x537.jpg\",\"datePublished\":\"2021-03-12T08:44:40+00:00\",\"dateModified\":\"2024-02-14T12:15:02+00:00\",\"breadcrumb\":{\"@id\":\"https:\/\/www.kpax-manage.com\/thanks-liberty-simplifies-data-collection\/#breadcrumb\"},\"inLanguage\":\"fr-FR\",\"potentialAction\":[{\"@type\":\"ReadAction\",\"target\":[\"https:\/\/www.kpax-manage.com\/thanks-liberty-simplifies-data-collection\/\"]}]},{\"@type\":\"ImageObject\",\"inLanguage\":\"fr-FR\",\"@id\":\"https:\/\/www.kpax-manage.com\/thanks-liberty-simplifies-data-collection\/#primaryimage\",\"url\":\"https:\/\/www.kpax-manage.com\/wp-content\/uploads\/2021\/02\/merci-1024x537.jpg\",\"contentUrl\":\"https:\/\/www.kpax-manage.com\/wp-content\/uploads\/2021\/02\/merci-1024x537.jpg\"},{\"@type\":\"BreadcrumbList\",\"@id\":\"https:\/\/www.kpax-manage.com\/thanks-liberty-simplifies-data-collection\/#breadcrumb\",\"itemListElement\":[{\"@type\":\"ListItem\",\"position\":1,\"name\":\"Accueil\",\"item\":\"https:\/\/www.kpax-manage.com\/\"},{\"@type\":\"ListItem\",\"position\":2,\"name\":\"Liberty simplifies data collection\"}]},{\"@type\":\"WebSite\",\"@id\":\"https:\/\/www.kpax-manage.com\/fr\/#website\",\"url\":\"https:\/\/www.kpax-manage.com\/fr\/\",\"name\":\"\",\"description\":\"\",\"potentialAction\":[{\"@type\":\"SearchAction\",\"target\":{\"@type\":\"EntryPoint\",\"urlTemplate\":\"https:\/\/www.kpax-manage.com\/fr\/?s={search_term_string}\"},\"query-input\":{\"@type\":\"PropertyValueSpecification\",\"valueRequired\":true,\"valueName\":\"search_term_string\"}}],\"inLanguage\":\"fr-FR\"}]}<\/script>\n<!-- \/ Yoast SEO plugin. -->","yoast_head_json":{"title":"Liberty simplifie la collecte des donn\u00e9es -","robots":{"index":"index","follow":"follow","max-snippet":"max-snippet:-1","max-image-preview":"max-image-preview:large","max-video-preview":"max-video-preview:-1"},"canonical":"https:\/\/www.kpax-manage.com\/thanks-liberty-simplifies-data-collection\/","og_locale":"fr_FR","og_type":"article","og_title":"Liberty simplifie la collecte des donn\u00e9es -","og_url":"https:\/\/www.kpax-manage.com\/thanks-liberty-simplifies-data-collection\/","article_modified_time":"2024-02-14T12:15:02+00:00","og_image":[{"url":"https:\/\/www.kpax-manage.com\/wp-content\/uploads\/2021\/02\/merci-1024x537.jpg","type":"","width":"","height":""}],"twitter_card":"summary_large_image","twitter_misc":{"Dur\u00e9e de lecture estim\u00e9e":"1 minute"},"schema":{"@context":"https:\/\/schema.org","@graph":[{"@type":"WebPage","@id":"https:\/\/www.kpax-manage.com\/thanks-liberty-simplifies-data-collection\/","url":"https:\/\/www.kpax-manage.com\/thanks-liberty-simplifies-data-collection\/","name":"Liberty simplifie la collecte des donn\u00e9es -","isPartOf":{"@id":"https:\/\/www.kpax-manage.com\/fr\/#website"},"primaryImageOfPage":{"@id":"https:\/\/www.kpax-manage.com\/thanks-liberty-simplifies-data-collection\/#primaryimage"},"image":{"@id":"https:\/\/www.kpax-manage.com\/thanks-liberty-simplifies-data-collection\/#primaryimage"},"thumbnailUrl":"https:\/\/www.kpax-manage.com\/wp-content\/uploads\/2021\/02\/merci-1024x537.jpg","datePublished":"2021-03-12T08:44:40+00:00","dateModified":"2024-02-14T12:15:02+00:00","breadcrumb":{"@id":"https:\/\/www.kpax-manage.com\/thanks-liberty-simplifies-data-collection\/#breadcrumb"},"inLanguage":"fr-FR","potentialAction":[{"@type":"ReadAction","target":["https:\/\/www.kpax-manage.com\/thanks-liberty-simplifies-data-collection\/"]}]},{"@type":"ImageObject","inLanguage":"fr-FR","@id":"https:\/\/www.kpax-manage.com\/thanks-liberty-simplifies-data-collection\/#primaryimage","url":"https:\/\/www.kpax-manage.com\/wp-content\/uploads\/2021\/02\/merci-1024x537.jpg","contentUrl":"https:\/\/www.kpax-manage.com\/wp-content\/uploads\/2021\/02\/merci-1024x537.jpg"},{"@type":"BreadcrumbList","@id":"https:\/\/www.kpax-manage.com\/thanks-liberty-simplifies-data-collection\/#breadcrumb","itemListElement":[{"@type":"ListItem","position":1,"name":"Accueil","item":"https:\/\/www.kpax-manage.com\/"},{"@type":"ListItem","position":2,"name":"Liberty simplifies data collection"}]},{"@type":"WebSite","@id":"https:\/\/www.kpax-manage.com\/fr\/#website","url":"https:\/\/www.kpax-manage.com\/fr\/","name":"","description":"","potentialAction":[{"@type":"SearchAction","target":{"@type":"EntryPoint","urlTemplate":"https:\/\/www.kpax-manage.com\/fr\/?s={search_term_string}"},"query-input":{"@type":"PropertyValueSpecification","valueRequired":true,"valueName":"search_term_string"}}],"inLanguage":"fr-FR"}]}},"_links":{"self":[{"href":"https:\/\/www.kpax-manage.com\/fr\/wp-json\/wp\/v2\/pages\/3360","targetHints":{"allow":["GET"]}}],"collection":[{"href":"https:\/\/www.kpax-manage.com\/fr\/wp-json\/wp\/v2\/pages"}],"about":[{"href":"https:\/\/www.kpax-manage.com\/fr\/wp-json\/wp\/v2\/types\/page"}],"author":[{"embeddable":true,"href":"https:\/\/www.kpax-manage.com\/fr\/wp-json\/wp\/v2\/users\/2"}],"replies":[{"embeddable":true,"href":"https:\/\/www.kpax-manage.com\/fr\/wp-json\/wp\/v2\/comments?post=3360"}],"version-history":[{"count":0,"href":"https:\/\/www.kpax-manage.com\/fr\/wp-json\/wp\/v2\/pages\/3360\/revisions"}],"wp:attachment":[{"href":"https:\/\/www.kpax-manage.com\/fr\/wp-json\/wp\/v2\/media?parent=3360"}],"curies":[{"name":"wp","href":"https:\/\/api.w.org\/{rel}","templated":true}]}}