{"id":3,"date":"2019-05-08T09:09:49","date_gmt":"2019-05-08T09:09:49","guid":{"rendered":"https:\/\/www.kpax-manage.com\/?page_id=3"},"modified":"2024-05-10T15:51:30","modified_gmt":"2024-05-10T13:51:30","slug":"privacy-policy","status":"publish","type":"page","link":"https:\/\/www.kpax-manage.com\/fr\/privacy-policy\/","title":{"rendered":"Politique de confidentialit\u00e9"},"content":{"rendered":"\r\n<p><span style=\"font-weight: 400;\">KPAX est tr\u00e8s attentif \u00e0 la protection des donn\u00e9es personnelles dans les missions et services que nous proposons.<\/span><\/p>\r\n<p><span style=\"font-weight: 400;\">La pr\u00e9sente Charte d\u00e9finit les lignes directrices pour la protection de vos Donn\u00e9es Personnelles et vise \u00e0 vous informer sur : <\/span><\/p>\r\n<ul>\r\n<li style=\"font-weight: 400;\"><span style=\"font-weight: 400;\">Les donn\u00e9es personnelles que <\/span><span style=\"font-weight: 400;\">KPAX<\/span><span style=\"font-weight: 400;\"> recueille et les raisons pour lesquelles elles sont recueillies<\/span><\/li>\r\n<li style=\"font-weight: 400;\"><span style=\"font-weight: 400;\">Comment ces donn\u00e9es personnelles seront utilis\u00e9es<\/span><\/li>\r\n<li style=\"font-weight: 400;\"><span style=\"font-weight: 400;\">Vos droits relatifs \u00e0 vos donn\u00e9es personnelles<\/span><\/li>\r\n<\/ul>\r\n<p><span style=\"font-weight: 400;\">KPAX s&rsquo;engage \u00e0 prendre en compte la protection de vos donn\u00e9es personnelles et de votre vie priv\u00e9e lors de la conception des nouveaux produits et services que nous proposons. A cet effet, des mesures sont prises pour garantir la protection de vos Donn\u00e9es Personnelles, ainsi que la s\u00e9curit\u00e9 et le respect de ces donn\u00e9es et de vos droits l\u00e9gaux.<\/span><\/p>\r\n<p><span style=\"font-weight: 400;\">Lorsque vous fournissez vos renseignements personnels, vous nous autorisez \u00e0 les recueillir, \u00e0 les enregistrer et \u00e0 les utiliser :<\/span><\/p>\r\n<ul>\r\n<li style=\"font-weight: 400;\"><span style=\"font-weight: 400;\">a) pour remplir nos obligations contractuelles envers vous,<\/span><\/li>\r\n<li style=\"font-weight: 400;\"><span style=\"font-weight: 400;\">b) pour nos besoins l\u00e9gitimes de traitement de vos donn\u00e9es personnelles (par exemple pour l&rsquo;administration interne, la surveillance, l&rsquo;analyse de donn\u00e9es et l&rsquo;analyse comparative, le marketing direct, le soutien des sauvegardes automatiques ou pour la d\u00e9tection ou la pr\u00e9vention des activit\u00e9s frauduleuses)<\/span><\/li>\r\n<li style=\"font-weight: 400;\"><span style=\"font-weight: 400;\">c) sur la base de votre consentement que vous \u00eates libre de retirer \u00e0 tout moment<\/span><\/li>\r\n<\/ul>\r\n<h2 class=\"wp-block-heading\"><b>Responsable du traitement des donn\u00e9es<\/b><\/h2>\r\n<p><span style=\"font-weight: 400;\">Vous pouvez contacter le responsable du traitement des donn\u00e9es en envoyant un e-mail \u00e0 rgpd@kpax.com Le cas \u00e9ch\u00e9ant, KPAX pourra faire appel \u00e0 des sous-traitants pour le traitement de ces informations, conform\u00e9ment \u00e0 l&rsquo;article 35 de la loi \u00ab\u00a0Informatique et Libert\u00e9s\u00a0\u00bb du 6 janvier 2010.<\/span><span style=\"font-weight: 400;\">th<\/span><span style=\"font-weight: 400;\">, 1978 et l&rsquo;article 28 du R\u00e8glement G\u00e9n\u00e9ral Informatique et Libert\u00e9s.<\/span><\/p>\r\n<h2><b>Quelles donn\u00e9es ?<\/b><\/h2>\r\n<p><span style=\"font-weight: 400;\">KPAX ne collecte que les donn\u00e9es dont elle a besoin pour la mise en \u0153uvre des services auxquels vous \u00eates abonn\u00e9. Elles sont recueillies directement aupr\u00e8s de vous et vous \u00eates inform\u00e9 de la fa\u00e7on dont elles sont utilis\u00e9es. Les donn\u00e9es personnelles sont utilis\u00e9es pour vous pr\u00e9senter de nouveaux services, \u00e0 condition que vous ayez accept\u00e9 de recevoir des informations relatives \u00e0 la publicit\u00e9.<\/span><\/p>\r\n<h2><b>Stockage de vos donn\u00e9es<\/b><\/h2>\r\n<p><span style=\"font-weight: 400;\">Nous conservons tous vos renseignements personnels aux fins indiqu\u00e9es dans la pr\u00e9sente charte, tant que votre compte est actif (pour la dur\u00e9e de notre relation contractuelle) et conform\u00e9ment \u00e0 la loi applicable.<\/span><\/p>\r\n<h2><b>Vos donn\u00e9es personnelles sont-elles prot\u00e9g\u00e9es ?<\/b><\/h2>\r\n<p><span style=\"font-weight: 400;\">KPAX<\/span><span style=\"font-weight: 400;\"> prendra toutes les pr\u00e9cautions n\u00e9cessaires pour garantir la s\u00e9curit\u00e9 et la confidentialit\u00e9 des Donn\u00e9es Personnelles et, en particulier, pour \u00e9viter qu&rsquo;elles ne soient endommag\u00e9es, supprim\u00e9es ou accessibles par des tiers non autoris\u00e9s.<\/span><span style=\"font-weight: 400;\"><br \/><\/span><span style=\"font-weight: 400;\">De plus, en cas d&rsquo;atteinte \u00e0 la s\u00e9curit\u00e9 de vos donn\u00e9es personnelles (destruction, perte, alt\u00e9ration ou divulgation) <\/span><span style=\"font-weight: 400;\">KPAX<\/span><span style=\"font-weight: 400;\"> s&rsquo;engagent \u00e0 respecter leurs obligations en mati\u00e8re de violation de la s\u00e9curit\u00e9 des donn\u00e9es personnelles, notamment en informant la CNIL (Commission Nationale de l&rsquo;Informatique et des Libert\u00e9s).<\/span><\/p>\r\n<h2><b>Comment recueillons-nous vos renseignements personnels ?<\/b><\/h2>\r\n<ul>\r\n<li style=\"font-weight: 400;\"><span style=\"font-weight: 400;\">Lorsque vous vous inscrivez \u00e0 des webinaires sur le site web de KPAX<\/span><\/li>\r\n<li style=\"font-weight: 400;\"><span style=\"font-weight: 400;\">Lorsque vous remplissez notre formulaire de contact en ligne<\/span><\/li>\r\n<li style=\"font-weight: 400;\"><span style=\"font-weight: 400;\">Lorsque vous vous abonnez \u00e0 la newsletter de KPAX<\/span><\/li>\r\n<li style=\"font-weight: 400;\"><span style=\"font-weight: 400;\">Lorsque vous interagissez avec nous sur les r\u00e9seaux sociaux<\/span><\/li>\r\n<li style=\"font-weight: 400;\"><span style=\"font-weight: 400;\">Lorsque vous soumettez vos coordonn\u00e9es lorsque vous acc\u00e9dez aux applications et services que nous fournissons (y compris le support technique) ou lorsque vous mettez \u00e0 jour vos coordonn\u00e9es<\/span><\/li>\r\n<li style=\"font-weight: 400;\"><span style=\"font-weight: 400;\">Lors d&rsquo;\u00e9v\u00e9nements, de salons, de forums, de journ\u00e9es portes ouvertes o\u00f9 vous fournissez votre carte de visite ou remplissez un formulaire d&rsquo;inscription.<\/span><\/li>\r\n<\/ul>\r\n<h2><b>Comment utilisons-nous vos donn\u00e9es ?<\/b><\/h2>\r\n<ul>\r\n<li style=\"font-weight: 400;\"><span style=\"font-weight: 400;\">KPAX<\/span><span style=\"font-weight: 400;\"> recueille et traite vos donn\u00e9es pour les utilisations suivantes :<\/span><\/li>\r\n<li style=\"font-weight: 400;\"><span style=\"font-weight: 400;\"><br \/><\/span><span style=\"font-weight: 400;\">Pour fournir toute information ou service que vous avez demand\u00e9, ainsi que les applications ou services que vous avez command\u00e9s ;<\/span><\/li>\r\n<li style=\"font-weight: 400;\"><span style=\"font-weight: 400;\">Fournir les services demand\u00e9s, g\u00e9rer et communiquer avec vous au sujet de votre compte ;<\/span><\/li>\r\n<li style=\"font-weight: 400;\"><span style=\"font-weight: 400;\">Fournir, maintenir, prot\u00e9ger et am\u00e9liorer les applications, produits, services et informations que vous demandez ;<\/span><\/li>\r\n<li style=\"font-weight: 400;\"><span style=\"font-weight: 400;\">G\u00e9rer et administrer l&rsquo;utilisation que vous faites des applications, produits et services que vous nous demandez de fournir ;<\/span><\/li>\r\n<li style=\"font-weight: 400;\"><span style=\"font-weight: 400;\">G\u00e9rer nos relations d&rsquo;affaires telles que le service \u00e0 la client\u00e8le et les activit\u00e9s de soutien ;<\/span><\/li>\r\n<li style=\"font-weight: 400;\"><span style=\"font-weight: 400;\">Superviser, mesurer, am\u00e9liorer et prot\u00e9ger nos contenus, sites Web, applications et services et fournir une exp\u00e9rience utilisateur personnalis\u00e9e et de haute qualit\u00e9 ;<\/span><\/li>\r\n<li style=\"font-weight: 400;\"><span style=\"font-weight: 400;\">Effectuer des inspections internes de nos applications, syst\u00e8mes et services afin de tester et d&rsquo;am\u00e9liorer leurs niveaux de s\u00e9curit\u00e9, de fourniture et de performance ;<\/span><\/li>\r\n<li style=\"font-weight: 400;\"><span style=\"font-weight: 400;\">Vous fournir toutes les informations que nous sommes tenus de mettre \u00e0 votre disposition conform\u00e9ment \u00e0 nos obligations r\u00e9glementaires ou l\u00e9gales.<\/span><\/li>\r\n<\/ul>\r\n<h2><b>Pourquoi partageons-nous vos donn\u00e9es ?<\/b><\/h2>\r\n<p><span style=\"font-weight: 400;\">G\u00e9rer l&rsquo;information globale et g\u00e9rer les relations avec la client\u00e8le, dans le but d&rsquo;am\u00e9liorer nos logiciels et services et ainsi vous fournir les informations, applications, produits ou services que vous avez demand\u00e9s, <\/span><span style=\"font-weight: 400;\">KPAX<\/span><span style=\"font-weight: 400;\"> peut \u00eatre n\u00e9cessaire pour partager vos donn\u00e9es personnelles.<\/span><\/p>\r\n<p><span style=\"font-weight: 400;\">KPAX<\/span><span style=\"font-weight: 400;\"> peut \u00eatre n\u00e9cessaire pour partager vos donn\u00e9es avec les cat\u00e9gories de personnes suivantes :<\/span><\/p>\r\n<ul>\r\n<li style=\"font-weight: 400;\"><span style=\"font-weight: 400;\">Nos fournisseurs de services et agents (y compris leurs sous-traitants) ou des tiers traitant des informations sur notre compte (par exemple, les fournisseurs de services ou plates-formes Internet, les fournisseurs de services de traitement des paiements et les soci\u00e9t\u00e9s que nous utilisons \u00e0 des fins de communication) pour leur permettre de fournir les applications, produits, services et informations que vous avez demand\u00e9s ou qui pourraient vous int\u00e9resser selon nous ;<\/span><\/li>\r\n<li style=\"font-weight: 400;\"><span style=\"font-weight: 400;\">Tous les partenaires, en particulier les responsables de la mise en \u0153uvre des syst\u00e8mes, les revendeurs, les distributeurs, les \u00e9diteurs de logiciels et les d\u00e9veloppeurs, qui nous aident \u00e0 vous fournir les applications, produits, services et informations que vous avez demand\u00e9s ou que nous pensons pouvoir vous int\u00e9resser ;<\/span><\/li>\r\n<li style=\"font-weight: 400;\"><span style=\"font-weight: 400;\">Les tiers que nous avons utilis\u00e9s pour les op\u00e9rations de paiement ; <\/span><\/li>\r\n<li style=\"font-weight: 400;\"><span style=\"font-weight: 400;\">Tiers que nous utilisons pour des besoins de marketing ;<\/span><\/li>\r\n<li style=\"font-weight: 400;\"><span style=\"font-weight: 400;\">Les organismes de r\u00e9glementation, pour se conformer \u00e0 nos obligations l\u00e9gales et r\u00e9glementaires;<\/span><\/li>\r\n<li style=\"font-weight: 400;\"><span style=\"font-weight: 400;\">Les autorit\u00e9s polici\u00e8res, pour leur permettre de d\u00e9tecter ou de pr\u00e9venir les crimes ou d&rsquo;en poursuivre les auteurs ;<\/span><\/li>\r\n<li style=\"font-weight: 400;\"><span style=\"font-weight: 400;\">Tout tiers, dans le cadre d&rsquo;une proc\u00e9dure judiciaire en cours ou \u00e0 venir, \u00e0 condition que nous soyons l\u00e9galement autoris\u00e9s \u00e0 le faire (par exemple, conform\u00e9ment \u00e0 une d\u00e9cision judiciaire);<\/span><\/li>\r\n<li style=\"font-weight: 400;\"><span style=\"font-weight: 400;\">Tout tiers, pour nous permettre de nous conformer \u00e0 nos obligations l\u00e9gales et r\u00e9glementaires, y compris le reporting l\u00e9gal ou r\u00e9glementaire ainsi que la d\u00e9tection ou la pr\u00e9vention d&rsquo;actions ill\u00e9gales ;<\/span><\/li>\r\n<li style=\"font-weight: 400;\"><span style=\"font-weight: 400;\">Nos propres auditeurs externes et consultants ;<\/span><\/li>\r\n<li style=\"font-weight: 400;\"><span style=\"font-weight: 400;\">Les autorit\u00e9s publiques que nous sommes l\u00e9galement tenus d&rsquo;informer.<\/span><\/li>\r\n<\/ul>\r\n<h2><b>Vos donn\u00e9es et vos droits<\/b><\/h2>\r\n<p><span style=\"font-weight: 400;\">Dans la mesure o\u00f9 le traitement ou vos donn\u00e9es personnelles sont soumis \u00e0 la l\u00e9gislation europ\u00e9enne sur la protection des donn\u00e9es, vous \u00eates prot\u00e9g\u00e9 par les droits suivants :<\/span><\/p>\r\n<ul>\r\n<li style=\"font-weight: 400;\"><span style=\"font-weight: 400;\">Le droit de savoir comment nous utilisons vos donn\u00e9es et le droit d&rsquo;acc\u00e8s \u00e0 vos donn\u00e9es ;<\/span><\/li>\r\n<li style=\"font-weight: 400;\"><span style=\"font-weight: 400;\">Le droit d&rsquo;exiger la modification ou la suppression de vos donn\u00e9es et de limiter le traitement de vos donn\u00e9es ;<\/span><\/li>\r\n<li style=\"font-weight: 400;\"><span style=\"font-weight: 400;\">Le droit de s&rsquo;opposer au traitement de vos donn\u00e9es ;<\/span><\/li>\r\n<li style=\"font-weight: 400;\"><span style=\"font-weight: 400;\">Le droit de recevoir les donn\u00e9es vous concernant que vous avez fournies automatiquement dans un format structur\u00e9, couramment utilis\u00e9 et lisible par une machine, ou de les faire envoyer \u00e0 une autre entreprise, si cela est techniquement possible (\u00ab\u00a0portabilit\u00e9 des donn\u00e9es\u00a0\u00bb) ;<\/span><\/li>\r\n<li style=\"font-weight: 400;\"><span style=\"font-weight: 400;\">Lorsque vous avez autoris\u00e9 le traitement de vos donn\u00e9es, le droit de retirer votre autorisation dans le respect des limitations l\u00e9gales ou contractuelles ;<\/span><\/li>\r\n<li style=\"font-weight: 400;\"><span style=\"font-weight: 400;\">Le droit de refuser toute d\u00e9cision fond\u00e9e sur le traitement automatis\u00e9 de vos donn\u00e9es personnelles, et en particulier le profilage.<\/span><\/li>\r\n<li style=\"font-weight: 400;\"><span style=\"font-weight: 400;\">Le droit de porter plainte aupr\u00e8s de l&rsquo;autorit\u00e9 charg\u00e9e de la protection des donn\u00e9es (par exemple, la Commission nationale pour la protection des donn\u00e9es et les libert\u00e9s).<\/span><\/li>\r\n<\/ul>\r\n<p><span style=\"font-weight: 400;\">Si nous avons des informations incorrectes vous concernant, ou si vos coordonn\u00e9es ont chang\u00e9, veuillez nous en informer afin que nous puissions corriger et mettre \u00e0 jour nos fichiers.<\/span><\/p>\r\n<p><span style=\"font-weight: 400;\">Si vous retirez votre autorisation pour l&rsquo;utilisation de vos donn\u00e9es personnelles \u00e0 des fins conformes \u00e0 notre politique de confidentialit\u00e9, nous pourrions ne plus \u00eatre en mesure de vous donner acc\u00e8s \u00e0 tout ou partie de nos sites Web, applications ou services.<\/span><\/p>\r\n<h2><b>Les destinataires de vos donn\u00e9es personnelles sont :<\/b><\/h2>\r\n<ul>\r\n<li style=\"font-weight: 400;\"><span style=\"font-weight: 400;\">Tous nos d\u00e9partements internes qui ont besoin de ces informations pour la mise en \u0153uvre des utilisations mentionn\u00e9es ci-dessus.<\/span><\/li>\r\n<li style=\"font-weight: 400;\"><span style=\"font-weight: 400;\">Nos fournisseurs de services \u00e0 qui nous confions certaines op\u00e9rations, y compris l&rsquo;analyse de donn\u00e9es, le marketing par courriel ou la comptabilit\u00e9 client. Ces tiers ne sont autoris\u00e9s \u00e0 utiliser vos informations personnelles que pour nous fournir ce service. Ils sont tenus de se conformer strictement \u00e0 des instructions pr\u00e9cises et de respecter les mesures de s\u00e9curit\u00e9 appropri\u00e9es pour prot\u00e9ger vos donn\u00e9es personnelles. Ces prestataires ont \u00e9t\u00e9 interrog\u00e9s par KPAX sur les mesures techniques et organisationnelles qu&rsquo;ils appliquent pour assurer la s\u00e9curit\u00e9 des donn\u00e9es que nous fournissons.<\/span><\/li>\r\n<\/ul>\r\n<h2><b>Vos donn\u00e9es personnelles peuvent-elles \u00eatre transf\u00e9r\u00e9es en dehors de l&rsquo;Union europ\u00e9enne ?<\/b><\/h2>\r\n<p><span style=\"font-weight: 400;\">KPAX<\/span><span style=\"font-weight: 400;\"> effectue tout traitement de vos donn\u00e9es personnelles au sein de l&rsquo;Union europ\u00e9enne (UE).<\/span><\/p>\r\n<h3><b>Glossaire<\/b><\/h3>\r\n<p><span style=\"font-weight: 400;\">\u00ab\u00a0Charte de protection des donn\u00e9es personnelles\u00a0\u00bb et \u00ab\u00a0Charte\u00a0\u00bb : se r\u00e9f\u00e9rer \u00e0 cette Charte d\u00e9taillant les mesures mises en \u0153uvre pour le traitement, l&rsquo;utilisation et la gestion de vos donn\u00e9es personnelles et vos droits en tant que personne concern\u00e9e par le traitement.<\/span><\/p>\r\n<p><span style=\"font-weight: 400;\">\u00ab\u00a0Donn\u00e9es personnelles\u00a0\u00bb : D\u00e9signe toute information vous concernant qui pourrait vous identifier directement ou indirectement.<\/span><\/p>\r\n<p><span style=\"font-weight: 400;\">\u00ab\u00a0Traitement\u00a0\u00bb : d\u00e9signe toute op\u00e9ration ou ensemble d&rsquo;op\u00e9rations appliqu\u00e9es \u00e0 vos Donn\u00e9es Personnelles.<\/span><\/p>\r\n<p><span style=\"font-weight: 400;\">\u00ab\u00a0Responsable du traitement des donn\u00e9es\u00a0\u00bb : D\u00e9signe le responsable du traitement de vos donn\u00e9es personnelles.<\/span><\/p>\r\n<p><span style=\"font-weight: 400;\">\u00ab\u00a0Violation des donn\u00e9es personnelles\u00a0\u00bb : D\u00e9signe une violation de la s\u00e9curit\u00e9 entra\u00eenant, accidentellement ou intentionnellement, la destruction, la perte, l&rsquo;alt\u00e9ration, la divulgation ou l&rsquo;acc\u00e8s non autoris\u00e9 \u00e0 vos donn\u00e9es personnelles.<\/span><\/p>\r\n<p><span style=\"font-weight: 400;\">\u00ab\u00a0Destinataire\u00a0\u00bb : d\u00e9signe le service ou l&rsquo;entreprise qui re\u00e7oit une communication, ou qui peut acc\u00e9der \u00e0 vos donn\u00e9es personnelles.<\/span><\/p>\r\n","protected":false},"excerpt":{"rendered":"<p>KPAX est tr\u00e8s attentif \u00e0 la protection des donn\u00e9es personnelles dans les missions et services que nous proposons. La pr\u00e9sente Charte d\u00e9finit les lignes directrices pour la protection de vos Donn\u00e9es Personnelles et vise \u00e0 vous informer sur : Les donn\u00e9es personnelles que KPAX recueille et les raisons pour lesquelles elles sont recueillies Comment ces &hellip; <\/p>\n<p class=\"link-more\"><a href=\"https:\/\/www.kpax-manage.com\/fr\/privacy-policy\/\" class=\"more-link\">Continuer la lecture <span class=\"screen-reader-text\"> \u00ab\u00a0Politique de confidentialit\u00e9\u00a0\u00bb<\/span><\/a><\/p>\n","protected":false},"author":2,"featured_media":0,"parent":0,"menu_order":0,"comment_status":"closed","ping_status":"open","template":"","meta":{"footnotes":""},"class_list":["post-3","page","type-page","status-publish","hentry","entry"],"translation":{"provider":"WPGlobus","version":"3.0.2","language":"fr","enabled_languages":["en","fr"],"languages":{"en":{"title":true,"content":true,"excerpt":false},"fr":{"title":true,"content":true,"excerpt":false}}},"yoast_head":"<!-- This site is optimized with the Yoast SEO plugin v27.1.1 - https:\/\/yoast.com\/product\/yoast-seo-wordpress\/ -->\n<title>D\u00e9couvrez notre protection des donn\u00e9es personnelles<\/title>\n<meta name=\"description\" content=\"KPAX est tr\u00e8s attentif \u00e0 la protection des donn\u00e9es personnelles dans les missions et services que nous proposons.\" \/>\n<meta name=\"robots\" content=\"index, follow, max-snippet:-1, max-image-preview:large, max-video-preview:-1\" \/>\n<link rel=\"canonical\" href=\"https:\/\/www.kpax-manage.com\/privacy-policy\/\" \/>\n<meta property=\"og:locale\" content=\"fr_FR\" \/>\n<meta property=\"og:type\" content=\"article\" \/>\n<meta property=\"og:title\" content=\"D\u00e9couvrez notre protection des donn\u00e9es personnelles\" \/>\n<meta property=\"og:description\" content=\"KPAX est tr\u00e8s attentif \u00e0 la protection des donn\u00e9es personnelles dans les missions et services que nous proposons.\" \/>\n<meta property=\"og:url\" content=\"https:\/\/www.kpax-manage.com\/privacy-policy\/\" \/>\n<meta property=\"article:modified_time\" content=\"2024-05-10T13:51:30+00:00\" \/>\n<meta name=\"twitter:card\" content=\"summary_large_image\" \/>\n<meta name=\"twitter:label1\" content=\"Dur\u00e9e de lecture estim\u00e9e\" \/>\n\t<meta name=\"twitter:data1\" content=\"8 minutes\" \/>\n<script type=\"application\/ld+json\" class=\"yoast-schema-graph\">{\"@context\":\"https:\/\/schema.org\",\"@graph\":[{\"@type\":\"WebPage\",\"@id\":\"https:\/\/www.kpax-manage.com\/privacy-policy\/\",\"url\":\"https:\/\/www.kpax-manage.com\/privacy-policy\/\",\"name\":\"D\u00e9couvrez notre protection des donn\u00e9es personnelles\",\"isPartOf\":{\"@id\":\"https:\/\/www.kpax-manage.com\/fr\/#website\"},\"datePublished\":\"2019-05-08T09:09:49+00:00\",\"dateModified\":\"2024-05-10T13:51:30+00:00\",\"description\":\"KPAX est tr\u00e8s attentif \u00e0 la protection des donn\u00e9es personnelles dans les missions et services que nous proposons.\",\"breadcrumb\":{\"@id\":\"https:\/\/www.kpax-manage.com\/privacy-policy\/#breadcrumb\"},\"inLanguage\":\"fr-FR\",\"potentialAction\":[{\"@type\":\"ReadAction\",\"target\":[\"https:\/\/www.kpax-manage.com\/privacy-policy\/\"]}]},{\"@type\":\"BreadcrumbList\",\"@id\":\"https:\/\/www.kpax-manage.com\/privacy-policy\/#breadcrumb\",\"itemListElement\":[{\"@type\":\"ListItem\",\"position\":1,\"name\":\"Accueil\",\"item\":\"https:\/\/www.kpax-manage.com\/\"},{\"@type\":\"ListItem\",\"position\":2,\"name\":\"Politique de confidentialit\u00e9\"}]},{\"@type\":\"WebSite\",\"@id\":\"https:\/\/www.kpax-manage.com\/fr\/#website\",\"url\":\"https:\/\/www.kpax-manage.com\/fr\/\",\"name\":\"\",\"description\":\"\",\"potentialAction\":[{\"@type\":\"SearchAction\",\"target\":{\"@type\":\"EntryPoint\",\"urlTemplate\":\"https:\/\/www.kpax-manage.com\/fr\/?s={search_term_string}\"},\"query-input\":{\"@type\":\"PropertyValueSpecification\",\"valueRequired\":true,\"valueName\":\"search_term_string\"}}],\"inLanguage\":\"fr-FR\"}]}<\/script>\n<!-- \/ Yoast SEO plugin. -->","yoast_head_json":{"title":"D\u00e9couvrez notre protection des donn\u00e9es personnelles","description":"KPAX est tr\u00e8s attentif \u00e0 la protection des donn\u00e9es personnelles dans les missions et services que nous proposons.","robots":{"index":"index","follow":"follow","max-snippet":"max-snippet:-1","max-image-preview":"max-image-preview:large","max-video-preview":"max-video-preview:-1"},"canonical":"https:\/\/www.kpax-manage.com\/privacy-policy\/","og_locale":"fr_FR","og_type":"article","og_title":"D\u00e9couvrez notre protection des donn\u00e9es personnelles","og_description":"KPAX est tr\u00e8s attentif \u00e0 la protection des donn\u00e9es personnelles dans les missions et services que nous proposons.","og_url":"https:\/\/www.kpax-manage.com\/privacy-policy\/","article_modified_time":"2024-05-10T13:51:30+00:00","twitter_card":"summary_large_image","twitter_misc":{"Dur\u00e9e de lecture estim\u00e9e":"8 minutes"},"schema":{"@context":"https:\/\/schema.org","@graph":[{"@type":"WebPage","@id":"https:\/\/www.kpax-manage.com\/privacy-policy\/","url":"https:\/\/www.kpax-manage.com\/privacy-policy\/","name":"D\u00e9couvrez notre protection des donn\u00e9es personnelles","isPartOf":{"@id":"https:\/\/www.kpax-manage.com\/fr\/#website"},"datePublished":"2019-05-08T09:09:49+00:00","dateModified":"2024-05-10T13:51:30+00:00","description":"KPAX est tr\u00e8s attentif \u00e0 la protection des donn\u00e9es personnelles dans les missions et services que nous proposons.","breadcrumb":{"@id":"https:\/\/www.kpax-manage.com\/privacy-policy\/#breadcrumb"},"inLanguage":"fr-FR","potentialAction":[{"@type":"ReadAction","target":["https:\/\/www.kpax-manage.com\/privacy-policy\/"]}]},{"@type":"BreadcrumbList","@id":"https:\/\/www.kpax-manage.com\/privacy-policy\/#breadcrumb","itemListElement":[{"@type":"ListItem","position":1,"name":"Accueil","item":"https:\/\/www.kpax-manage.com\/"},{"@type":"ListItem","position":2,"name":"Politique de confidentialit\u00e9"}]},{"@type":"WebSite","@id":"https:\/\/www.kpax-manage.com\/fr\/#website","url":"https:\/\/www.kpax-manage.com\/fr\/","name":"","description":"","potentialAction":[{"@type":"SearchAction","target":{"@type":"EntryPoint","urlTemplate":"https:\/\/www.kpax-manage.com\/fr\/?s={search_term_string}"},"query-input":{"@type":"PropertyValueSpecification","valueRequired":true,"valueName":"search_term_string"}}],"inLanguage":"fr-FR"}]}},"_links":{"self":[{"href":"https:\/\/www.kpax-manage.com\/fr\/wp-json\/wp\/v2\/pages\/3","targetHints":{"allow":["GET"]}}],"collection":[{"href":"https:\/\/www.kpax-manage.com\/fr\/wp-json\/wp\/v2\/pages"}],"about":[{"href":"https:\/\/www.kpax-manage.com\/fr\/wp-json\/wp\/v2\/types\/page"}],"author":[{"embeddable":true,"href":"https:\/\/www.kpax-manage.com\/fr\/wp-json\/wp\/v2\/users\/2"}],"replies":[{"embeddable":true,"href":"https:\/\/www.kpax-manage.com\/fr\/wp-json\/wp\/v2\/comments?post=3"}],"version-history":[{"count":0,"href":"https:\/\/www.kpax-manage.com\/fr\/wp-json\/wp\/v2\/pages\/3\/revisions"}],"wp:attachment":[{"href":"https:\/\/www.kpax-manage.com\/fr\/wp-json\/wp\/v2\/media?parent=3"}],"curies":[{"name":"wp","href":"https:\/\/api.w.org\/{rel}","templated":true}]}}