{"id":114,"date":"2019-05-31T08:21:12","date_gmt":"2019-05-31T08:21:12","guid":{"rendered":"https:\/\/www.kpax-manage.com\/?page_id=114"},"modified":"2025-09-29T17:40:02","modified_gmt":"2025-09-29T15:40:02","slug":"blog","status":"publish","type":"page","link":"https:\/\/www.kpax-manage.com\/fr\/blog\/","title":{"rendered":"Blog officiel de KPAX Manage"},"content":{"rendered":"<div class=\"wpb-content-wrapper\">[vc_row][vc_column][vc_column_text]      <div id=\"post-grid-lazy-5544\" class=\"post-grid-lazy\"><img decoding=\"async\" alt=\"\" src=\"https:\/\/www.kpax-manage.com\/wp-content\/uploads\/2022\/06\/kpax-manage-Zebra.png\" \/><\/div>\n    <script>\n      jQuery('#post-grid-lazy-5544').ready(function($) {\n        $('#post-grid-lazy-5544').fadeOut();\n        $('#post-grid-5544   ').fadeIn();\n      })\n    <\/script>\n    <style type=\"text\/css\">\n      #post-grid-5544 {\n        display: none;\n      }\n\n      .post-grid-lazy {\n        text-align: center;\n      }\n    <\/style>\n    <div data-options='{&quot;id&quot;:&quot;5544&quot;,&quot;lazy_load&quot;:&quot;yes&quot;,&quot;masonry_enable&quot;:&quot;no&quot;,&quot;view_type&quot;:&quot;grid&quot;}' id=\"post-grid-5544\" class=\"post-grid grid\">\n    \n\n\n    <div class=\"grid-items\">\n      <div class=\"item item-17833 skin flat even 0 \">\n        <div class=\"layer-wrapper layout-5577\">\n          <div class=\"element element_1663742049222  thumb \">\r\n                    <img decoding=\"async\" alt=\"Une page importante se tourne chez KPAX\u2026 et une nouvelle commence.\" src=\"https:\/\/www.kpax-manage.com\/wp-content\/uploads\/2026\/03\/1772809860748.jpg\">\r\n            <\/div>\r\n    <div class=\"element element_1663742682513  title_link \">\r\n                    <a target=\"_blank\"\r\n                href=\"https:\/\/www.kpax-manage.com\/fr\/une-page-importante-se-tourne-chez-kpax-et-une-nouvelle-commence\/\">Une page importante se tourne chez KPAX\u2026 et une nouvelle commence.<\/a>\r\n            <\/div>\r\n<div class=\"content-lang\">Une page importante se tourne chez KPAX\u2026 et une nouvelle...<\/div>            <a class=\"element element_1663759274903  read_more \"\r\n            target=\"_blank\"\r\n            href=\"https:\/\/www.kpax-manage.com\/fr\/une-page-importante-se-tourne-chez-kpax-et-une-nouvelle-commence\/\">Lire la suite<\/a>\r\n        <\/div>\n  <\/div><div class=\"item item-13504 skin flat odd 1 \">\n        <div class=\"layer-wrapper layout-5577\">\n          <div class=\"element element_1663742049222  thumb \">\r\n                    <img decoding=\"async\" alt=\"\" src=\"https:\/\/www.kpax-manage.com\/wp-content\/uploads\/2025\/06\/rapprochement-Bluemega-KPAx-groupe-g.o.a-bis.jpg\">\r\n            <\/div>\r\n    <div class=\"element element_1663742682513  title_link \">\r\n                    <a target=\"_blank\"\r\n                href=\"https:\/\/www.kpax-manage.com\/fr\/bluemega-kpax-join-the-office-automation-group\/\">Bluemega &#038; KPAX rejoignent le Groupe Office Automation<\/a>\r\n            <\/div>\r\n<div class=\"content-lang\">Chers partenaires, Nous avons le plaisir de vous informer que...<\/div>            <a class=\"element element_1663759274903  read_more \"\r\n            target=\"_blank\"\r\n            href=\"https:\/\/www.kpax-manage.com\/fr\/bluemega-kpax-join-the-office-automation-group\/\">Lire la suite<\/a>\r\n        <\/div>\n  <\/div><div class=\"item item-9344 skin flat even 2 \">\n        <div class=\"layer-wrapper layout-5577\">\n          <div class=\"element element_1663742049222  thumb \">\r\n                    <img decoding=\"async\" alt=\"Kpax best print fleet management software meilleur logiciel de gestion de parc d&#039;impression\" src=\"https:\/\/www.kpax-manage.com\/wp-content\/uploads\/2024\/06\/why-choose-KPAX-for-print-fleet-management-software.webp\">\r\n            <\/div>\r\n    <div class=\"element element_1663742682513  title_link \">\r\n                    <a target=\"_blank\"\r\n                href=\"https:\/\/www.kpax-manage.com\/fr\/kpax-best-print-fleet-management-software\/\">Pourquoi KPAX est-il le meilleur logiciel de gestion de parc d\u2019impression\u2009?<\/a>\r\n            <\/div>\r\n<div class=\"content-lang\">Pour optimiser l\u2019ensemble du processus d\u2019impression d\u2019un parc d\u2019imprimantes, un...<\/div>            <a class=\"element element_1663759274903  read_more \"\r\n            target=\"_blank\"\r\n            href=\"https:\/\/www.kpax-manage.com\/fr\/kpax-best-print-fleet-management-software\/\">Lire la suite<\/a>\r\n        <\/div>\n  <\/div><div class=\"item item-9325 skin flat odd 3 \">\n        <div class=\"layer-wrapper layout-5577\">\n          <div class=\"element element_1663742049222  thumb \">\r\n                    <img decoding=\"async\" alt=\"Print data - a key element for print fleet managament Donn\u00e9e d&#039;impression et gestion de parc d&#039;impression\" src=\"https:\/\/www.kpax-manage.com\/wp-content\/uploads\/2024\/06\/Print-data-Print-fleet-management-1.webp\">\r\n            <\/div>\r\n    <div class=\"element element_1663742682513  title_link \">\r\n                    <a target=\"_blank\"\r\n                href=\"https:\/\/www.kpax-manage.com\/fr\/print-data-and-print-fleet-management\/\">Donn\u00e9es d\u2019impression : un \u00e9l\u00e9ment essentiel \u00e0 la gestion de parc d\u2019impression<\/a>\r\n            <\/div>\r\n<div class=\"content-lang\">\u00ab\u2009L\u2019information, c'est le pouvoir\u2009\u00bb. Cette citation s\u2019applique \u00e0 diff\u00e9rents domaines,...<\/div>            <a class=\"element element_1663759274903  read_more \"\r\n            target=\"_blank\"\r\n            href=\"https:\/\/www.kpax-manage.com\/fr\/print-data-and-print-fleet-management\/\">Lire la suite<\/a>\r\n        <\/div>\n  <\/div><div class=\"item item-9119 skin flat even 4 \">\n        <div class=\"layer-wrapper layout-5577\">\n          <div class=\"element element_1663742049222  thumb \">\r\n                    <img decoding=\"async\" alt=\"Print Fleet Management Plan KPAX\" src=\"https:\/\/www.kpax-manage.com\/wp-content\/uploads\/2024\/05\/Multi-Brand-Print-Fleet-Management-Plan-with-KPAX.jpg\">\r\n            <\/div>\r\n    <div class=\"element element_1663742682513  title_link \">\r\n                    <a target=\"_blank\"\r\n                href=\"https:\/\/www.kpax-manage.com\/fr\/developing-a-multi-brand-print-fleet-management-plan-with-kpax\/\">Elaborer un plan de gestion de parc d&rsquo;impression multimarques avec KPAX<\/a>\r\n            <\/div>\r\n<div class=\"content-lang\">En tant que distributeur ou gestionnaire de parcs d'impression, offrir...<\/div>            <a class=\"element element_1663759274903  read_more \"\r\n            target=\"_blank\"\r\n            href=\"https:\/\/www.kpax-manage.com\/fr\/developing-a-multi-brand-print-fleet-management-plan-with-kpax\/\">Lire la suite<\/a>\r\n        <\/div>\n  <\/div><div class=\"item item-9113 skin flat odd 5 \">\n        <div class=\"layer-wrapper layout-5577\">\n          <div class=\"element element_1663742049222  thumb \">\r\n                    <img decoding=\"async\" alt=\"Print fleet management - manage toners\" src=\"https:\/\/www.kpax-manage.com\/wp-content\/uploads\/2024\/05\/Print-Fleet-Management-_-How-Manage-Toners.jpg\">\r\n            <\/div>\r\n    <div class=\"element element_1663742682513  title_link \">\r\n                    <a target=\"_blank\"\r\n                href=\"https:\/\/www.kpax-manage.com\/fr\/print-fleet-management-how-manage-toners\/\">Gestion de parc d\u2019impression : Comment g\u00e9rer les toners ?<\/a>\r\n            <\/div>\r\n<div class=\"content-lang\">Dans le cadre professionnel, la gestion efficace des consommables, tels...<\/div>            <a class=\"element element_1663759274903  read_more \"\r\n            target=\"_blank\"\r\n            href=\"https:\/\/www.kpax-manage.com\/fr\/print-fleet-management-how-manage-toners\/\">Lire la suite<\/a>\r\n        <\/div>\n  <\/div><div class=\"item item-8442 skin flat even 6 \">\n        <div class=\"layer-wrapper layout-5577\">\n          <div class=\"element element_1663742049222  thumb \">\r\n                    <img decoding=\"async\" alt=\"team kpax\" src=\"https:\/\/www.kpax-manage.com\/wp-content\/uploads\/2022\/10\/abImg.png\">\r\n            <\/div>\r\n    <div class=\"element element_1663742682513  title_link \">\r\n                    <a target=\"_blank\"\r\n                href=\"https:\/\/www.kpax-manage.com\/fr\/c-net-developer\/\">KPAX recrute un D\u00e9veloppeur C# .Net<\/a>\r\n            <\/div>\r\n<div class=\"content-lang\">KPAX recherche un.e d\u00e9veloppeur.euse C#\u00a0pour participer \u00e0 l\u2019\u00e9laboration, \u00e0 la...<\/div>            <a class=\"element element_1663759274903  read_more \"\r\n            target=\"_blank\"\r\n            href=\"https:\/\/www.kpax-manage.com\/fr\/c-net-developer\/\">Lire la suite<\/a>\r\n        <\/div>\n  <\/div><div class=\"item item-7555 skin flat odd 7 \">\n        <div class=\"layer-wrapper layout-5577\">\n          <div class=\"element element_1663742049222  thumb \">\r\n                    <img decoding=\"async\" alt=\"Secure print ; secure printing, print management ; print fleet management\" src=\"https:\/\/www.kpax-manage.com\/wp-content\/uploads\/2023\/09\/Print-management-5-tips-for-printers-security-1.jpg\">\r\n            <\/div>\r\n    <div class=\"element element_1663742682513  title_link \">\r\n                    <a target=\"_blank\"\r\n                href=\"https:\/\/www.kpax-manage.com\/fr\/tips-secure-print\/\">Gestion du parc d&rsquo;impression : 5 conseils pour s\u00e9curiser l&rsquo;impression<\/a>\r\n            <\/div>\r\n<div class=\"content-lang\">La s\u00e9curit\u00e9 de vos imprimantes et des donn\u00e9es d'impression vous...<\/div>            <a class=\"element element_1663759274903  read_more \"\r\n            target=\"_blank\"\r\n            href=\"https:\/\/www.kpax-manage.com\/fr\/tips-secure-print\/\">Lire la suite<\/a>\r\n        <\/div>\n  <\/div><div class=\"item item-7541 skin flat even 8 \">\n        <div class=\"layer-wrapper layout-5577\">\n          <div class=\"element element_1663742049222  thumb \">\r\n                    <img decoding=\"async\" alt=\"Print management ; print fleet management; printer consumables\" src=\"https:\/\/www.kpax-manage.com\/wp-content\/uploads\/2023\/09\/Print-management-how-do-you-manage-consumables-1.jpg\">\r\n            <\/div>\r\n    <div class=\"element element_1663742682513  title_link \">\r\n                    <a target=\"_blank\"\r\n                href=\"https:\/\/www.kpax-manage.com\/fr\/print-management-printer-consumables\/\">Gestion de l&rsquo;impression : comment g\u00e9rer les consommables ?<\/a>\r\n            <\/div>\r\n<div class=\"content-lang\">Dans le monde des affaires, la gestion efficace d'un parc...<\/div>            <a class=\"element element_1663759274903  read_more \"\r\n            target=\"_blank\"\r\n            href=\"https:\/\/www.kpax-manage.com\/fr\/print-management-printer-consumables\/\">Lire la suite<\/a>\r\n        <\/div>\n  <\/div><div class=\"item item-7532 skin flat odd 9 \">\n        <div class=\"layer-wrapper layout-5577\">\n          <div class=\"element element_1663742049222  thumb \">\r\n                    <img decoding=\"async\" alt=\"Print management ; Print fleet management ; Evaluate ; gestion de parc d&#039;impression\" src=\"https:\/\/www.kpax-manage.com\/wp-content\/uploads\/2023\/09\/Evaluate-the-quality-of-a-companys-print-management-1.jpg\">\r\n            <\/div>\r\n    <div class=\"element element_1663742682513  title_link \">\r\n                    <a target=\"_blank\"\r\n                href=\"https:\/\/www.kpax-manage.com\/fr\/evaluate-print-fleet-management\/\">Comment \u00e9valuer votre gestion de parc d\u2019impression ?<\/a>\r\n            <\/div>\r\n<div class=\"content-lang\">Vous souhaitez optimiser l'efficacit\u00e9 de votre parc d'impression ? Une...<\/div>            <a class=\"element element_1663759274903  read_more \"\r\n            target=\"_blank\"\r\n            href=\"https:\/\/www.kpax-manage.com\/fr\/evaluate-print-fleet-management\/\">Lire la suite<\/a>\r\n        <\/div>\n  <\/div>    <\/div>\n    <div class=\"pagination\">\n      <div class=\"paginate\">\n    <span aria-current=\"page\" class=\"page-numbers current\">1<\/span>\n<a class=\"page-numbers\" href=\"https:\/\/www.kpax-manage.com\/fr\/wp-json\/wp\/v2\/pages\/114\/page\/2\/\">2<\/a>\n<a class=\"page-numbers\" href=\"https:\/\/www.kpax-manage.com\/fr\/wp-json\/wp\/v2\/pages\/114\/page\/3\/\">3<\/a>\n<span class=\"page-numbers dots\">\u2026<\/span>\n<a class=\"page-numbers\" href=\"https:\/\/www.kpax-manage.com\/fr\/wp-json\/wp\/v2\/pages\/114\/page\/6\/\">6<\/a>\n<a class=\"next page-numbers\" href=\"https:\/\/www.kpax-manage.com\/fr\/wp-json\/wp\/v2\/pages\/114\/page\/2\/\">Next \u00bb<\/a>  <\/div>\n  <style type=\"text\/css\">\n    #post-grid-5544 .pagination .page-numbers {\n      font-size: 16px;\n      color: #fff;\n      background: #646464;\n    }\n\n    #post-grid-5544 .pagination .page-numbers:hover,\n    #post-grid-5544 .pagination .page-numbers.current {\n      background: #4b4b4b;\n    }\n  <\/style>\n  <\/div>\n    <style type=\"text\/css\">\r\n        .layout-5577 .element_1663742049222 {\r\n            overflow: hidden;\r\n                    }\r\n\r\n        .layout-5577 .element_1663742049222 img {\r\n            max-width: 100%;\r\n            height: auto;\r\n        }\r\n\r\n        @media only screen and (min-width: 1024px) {\r\n            .layout-5577 .element_1663742049222 {\r\n                            }\r\n        }\r\n\r\n        @media only screen and (min-width: 768px) and (max-width: 1023px) {\r\n            .layout-5577 .element_1663742049222 {\r\n                            }\r\n        }\r\n\r\n        @media only screen and (min-width: 0px) and (max-width: 767px) {\r\n            .layout-5577 .element_1663742049222 {\r\n                            }\r\n        }\r\n    <\/style>\r\n    <style type=\"text\/css\">\r\n        .layout-5577 .element_1663742682513 {\r\n            text-align: left;\r\n                    }\r\n\r\n        .layout-5577 .element_1663742682513 a {\r\n                    }\r\n    <\/style>\r\n    <style type=\"text\/css\">\r\n        .layout-5577 .element_1663759274903 {\r\n            font-size: 10px;\r\n            text-align: left;\r\n                    }\r\n\r\n        .layout-5577 .element_1663759274903 a {\r\n            font-size: 10px !important;\r\n            ;\r\n                    }\r\n    <\/style>\r\n      <script>\n          <\/script>\n    <style type=\"text\/css\">\n    #post-grid-5544 {\n      padding: 10px;\n          }\n\n    #post-grid-5544 .item {\n      padding: 0px;\n      background: #fff;\n          }\n\n    #post-grid-5544 .item .layer-media {\n      height:auto;    }\n\n    @media only screen and (min-width: 0px) and (max-width: 767px) {\n      #post-grid-5544 .grid-items {\n        display: grid;\n        grid-template-columns: 1fr ;\n        column-gap: 10px;\n        row-gap: 10px;\n              }\n\n      #post-grid-5544 .item {\n        height:auto;      }\n    }\n\n    @media only screen and (min-width: 768px) and (max-width: 1023px) {\n      #post-grid-5544 .grid-items {\n        display: grid;\n        grid-template-columns: 1fr 1fr ;\n        column-gap: 10px;\n        row-gap: 10px;\n              }\n\n      #post-grid-5544 .item {\n        max-height:auto;      }\n    }\n\n    @media only screen and (min-width: 1024px) {\n      #post-grid-5544 .grid-items {\n        display: grid;\n        grid-template-columns: 1fr 1fr 1fr ;\n        column-gap: 10px;\n        row-gap: 10px;\n              }\n\n      #post-grid-5544 .item {\n        height:auto;      }\n    }\n\n      <\/style>\n  <\/div>\n[\/vc_column_text][\/vc_column][\/vc_row]<\/div>","protected":false},"excerpt":{"rendered":"<p>[vc_row][vc_column][vc_column_text][\/vc_column_text][\/vc_column][\/vc_row]<\/p>\n","protected":false},"author":2,"featured_media":0,"parent":0,"menu_order":0,"comment_status":"closed","ping_status":"closed","template":"","meta":{"footnotes":""},"class_list":["post-114","page","type-page","status-publish","hentry","entry"],"translation":{"provider":"WPGlobus","version":"3.0.2","language":"fr","enabled_languages":["en","fr"],"languages":{"en":{"title":true,"content":true,"excerpt":false},"fr":{"title":true,"content":true,"excerpt":false}}},"yoast_head":"<!-- This site is optimized with the Yoast SEO plugin v27.1.1 - https:\/\/yoast.com\/product\/yoast-seo-wordpress\/ -->\n<title>Nos derni\u00e8res actualit\u00e9es et t\u00e9moignages client KPAX<\/title>\n<meta name=\"robots\" content=\"index, follow, max-snippet:-1, max-image-preview:large, max-video-preview:-1\" \/>\n<link rel=\"canonical\" href=\"https:\/\/www.kpax-manage.com\/blog\/\" \/>\n<meta property=\"og:locale\" content=\"fr_FR\" \/>\n<meta property=\"og:type\" content=\"article\" \/>\n<meta property=\"og:title\" content=\"{:en}Our latest news and customer testimonials from KPAX{:}{:fr}Nos derni\u00e8res actualit\u00e9es et t\u00e9moignages client KPAX{:}\" \/>\n<meta property=\"og:url\" content=\"https:\/\/www.kpax-manage.com\/blog\/\" \/>\n<meta property=\"article:modified_time\" content=\"2025-09-29T15:40:02+00:00\" \/>\n<meta name=\"twitter:card\" content=\"summary_large_image\" \/>\n<meta name=\"twitter:label1\" content=\"Dur\u00e9e de lecture estim\u00e9e\" \/>\n\t<meta name=\"twitter:data1\" content=\"1 minute\" \/>\n<script type=\"application\/ld+json\" class=\"yoast-schema-graph\">{\"@context\":\"https:\/\/schema.org\",\"@graph\":[{\"@type\":\"WebPage\",\"@id\":\"https:\/\/www.kpax-manage.com\/blog\/\",\"url\":\"https:\/\/www.kpax-manage.com\/blog\/\",\"name\":\"Nos derni\u00e8res actualit\u00e9es et t\u00e9moignages client KPAX\",\"isPartOf\":{\"@id\":\"https:\/\/www.kpax-manage.com\/fr\/#website\"},\"datePublished\":\"2019-05-31T08:21:12+00:00\",\"dateModified\":\"2025-09-29T15:40:02+00:00\",\"description\":\"Discover our latest news, exclusive insights, and customer testimonials to stay informed and inspired.\",\"breadcrumb\":{\"@id\":\"https:\/\/www.kpax-manage.com\/blog\/#breadcrumb\"},\"inLanguage\":\"fr-FR\",\"potentialAction\":[{\"@type\":\"ReadAction\",\"target\":[\"https:\/\/www.kpax-manage.com\/blog\/\"]}]},{\"@type\":\"BreadcrumbList\",\"@id\":\"https:\/\/www.kpax-manage.com\/blog\/#breadcrumb\",\"itemListElement\":[{\"@type\":\"ListItem\",\"position\":1,\"name\":\"Accueil\",\"item\":\"https:\/\/www.kpax-manage.com\/\"},{\"@type\":\"ListItem\",\"position\":2,\"name\":\"Blog officiel de KPAX Manage\"}]},{\"@type\":\"WebSite\",\"@id\":\"https:\/\/www.kpax-manage.com\/fr\/#website\",\"url\":\"https:\/\/www.kpax-manage.com\/fr\/\",\"name\":\"\",\"description\":\"\",\"potentialAction\":[{\"@type\":\"SearchAction\",\"target\":{\"@type\":\"EntryPoint\",\"urlTemplate\":\"https:\/\/www.kpax-manage.com\/fr\/?s={search_term_string}\"},\"query-input\":{\"@type\":\"PropertyValueSpecification\",\"valueRequired\":true,\"valueName\":\"search_term_string\"}}],\"inLanguage\":\"fr-FR\"}]}<\/script>\n<!-- \/ Yoast SEO plugin. -->","yoast_head_json":{"title":"Nos derni\u00e8res actualit\u00e9es et t\u00e9moignages client KPAX","robots":{"index":"index","follow":"follow","max-snippet":"max-snippet:-1","max-image-preview":"max-image-preview:large","max-video-preview":"max-video-preview:-1"},"canonical":"https:\/\/www.kpax-manage.com\/blog\/","og_locale":"fr_FR","og_type":"article","og_title":"{:en}Our latest news and customer testimonials from KPAX{:}{:fr}Nos derni\u00e8res actualit\u00e9es et t\u00e9moignages client KPAX{:}","og_url":"https:\/\/www.kpax-manage.com\/blog\/","article_modified_time":"2025-09-29T15:40:02+00:00","twitter_card":"summary_large_image","twitter_misc":{"Dur\u00e9e de lecture estim\u00e9e":"1 minute"},"schema":{"@context":"https:\/\/schema.org","@graph":[{"@type":"WebPage","@id":"https:\/\/www.kpax-manage.com\/blog\/","url":"https:\/\/www.kpax-manage.com\/blog\/","name":"Nos derni\u00e8res actualit\u00e9es et t\u00e9moignages client KPAX","isPartOf":{"@id":"https:\/\/www.kpax-manage.com\/fr\/#website"},"datePublished":"2019-05-31T08:21:12+00:00","dateModified":"2025-09-29T15:40:02+00:00","description":"Discover our latest news, exclusive insights, and customer testimonials to stay informed and inspired.","breadcrumb":{"@id":"https:\/\/www.kpax-manage.com\/blog\/#breadcrumb"},"inLanguage":"fr-FR","potentialAction":[{"@type":"ReadAction","target":["https:\/\/www.kpax-manage.com\/blog\/"]}]},{"@type":"BreadcrumbList","@id":"https:\/\/www.kpax-manage.com\/blog\/#breadcrumb","itemListElement":[{"@type":"ListItem","position":1,"name":"Accueil","item":"https:\/\/www.kpax-manage.com\/"},{"@type":"ListItem","position":2,"name":"Blog officiel de KPAX Manage"}]},{"@type":"WebSite","@id":"https:\/\/www.kpax-manage.com\/fr\/#website","url":"https:\/\/www.kpax-manage.com\/fr\/","name":"","description":"","potentialAction":[{"@type":"SearchAction","target":{"@type":"EntryPoint","urlTemplate":"https:\/\/www.kpax-manage.com\/fr\/?s={search_term_string}"},"query-input":{"@type":"PropertyValueSpecification","valueRequired":true,"valueName":"search_term_string"}}],"inLanguage":"fr-FR"}]}},"_links":{"self":[{"href":"https:\/\/www.kpax-manage.com\/fr\/wp-json\/wp\/v2\/pages\/114","targetHints":{"allow":["GET"]}}],"collection":[{"href":"https:\/\/www.kpax-manage.com\/fr\/wp-json\/wp\/v2\/pages"}],"about":[{"href":"https:\/\/www.kpax-manage.com\/fr\/wp-json\/wp\/v2\/types\/page"}],"author":[{"embeddable":true,"href":"https:\/\/www.kpax-manage.com\/fr\/wp-json\/wp\/v2\/users\/2"}],"replies":[{"embeddable":true,"href":"https:\/\/www.kpax-manage.com\/fr\/wp-json\/wp\/v2\/comments?post=114"}],"version-history":[{"count":1,"href":"https:\/\/www.kpax-manage.com\/fr\/wp-json\/wp\/v2\/pages\/114\/revisions"}],"predecessor-version":[{"id":14770,"href":"https:\/\/www.kpax-manage.com\/fr\/wp-json\/wp\/v2\/pages\/114\/revisions\/14770"}],"wp:attachment":[{"href":"https:\/\/www.kpax-manage.com\/fr\/wp-json\/wp\/v2\/media?parent=114"}],"curies":[{"name":"wp","href":"https:\/\/api.w.org\/{rel}","templated":true}]}}